{"id":12407,"date":"2021-09-23T09:27:59","date_gmt":"2021-09-23T09:27:59","guid":{"rendered":"https:\/\/neu.heinrichsthaler.de\/shop\/unkategorisiert\/gouda_portion-copy\/"},"modified":"2026-02-13T08:06:09","modified_gmt":"2026-02-13T08:06:09","slug":"tilsiter_portion","status":"publish","type":"product","link":"https:\/\/heinrichsthaler.de\/en\/produkt\/tilsiter_portion\/","title":{"rendered":"Tilsiter"},"content":{"rendered":"<p class=\"p1\"><span class=\"s1\">Tilsiter ist ein geschmeidiger Schnittk\u00e4se, feinherb bis pikant im Geschmack. Seinen Ursprung hat der Tilsiter in Deutschland (Tilsit a.d. Memel) und ist ein Dauerbrenner in der typisch deutschen K\u00e4sek\u00fcche, ob klassisch als Brotbelag oder f\u00fcr leckere K\u00e4sespie\u00dfe und Salate.<\/span><\/p>\n","protected":false},"excerpt":{"rendered":"<p>lactosefrei, glutenfrei<\/p>\n<p>Inhalt:\u00a0250 g<\/p>\n<p>45 % Fett i. Tr.<\/p>\n","protected":false},"featured_media":12409,"template":"","meta":{"_acf_changed":false},"product_brand":[],"product_cat":[760],"product_tag":[2444,2097,1914,2447,2442,2448],"class_list":{"0":"post-12407","1":"product","2":"type-product","3":"status-publish","4":"has-post-thumbnail","6":"product_cat-grundsortiment","7":"product_tag-2444","8":"product_tag-heinrichsthaler","9":"product_tag-laktosefrei","10":"product_tag-pikant","11":"product_tag-portion","12":"product_tag-tilsiter","14":"first","15":"instock","16":"shipping-taxable","17":"product-type-simple"},"acf":[],"yoast_head":"<!-- This site is optimized with the Yoast SEO plugin v26.8 - https:\/\/yoast.com\/product\/yoast-seo-wordpress\/ -->\n<title>Tilsiter - Heinrichsthaler<\/title>\n<meta name=\"robots\" content=\"index, follow, max-snippet:-1, max-image-preview:large, max-video-preview:-1\" \/>\n<link rel=\"canonical\" href=\"https:\/\/heinrichsthaler.de\/produkt\/tilsiter_portion\/\" \/>\n<meta property=\"og:locale\" content=\"en_US\" \/>\n<meta property=\"og:type\" content=\"article\" \/>\n<meta property=\"og:title\" content=\"Tilsiter - Heinrichsthaler\" \/>\n<meta property=\"og:description\" content=\"lactosefrei, glutenfrei  Inhalt:\u00a0250 g  45 % Fett i. Tr.\" \/>\n<meta property=\"og:url\" content=\"https:\/\/heinrichsthaler.de\/produkt\/tilsiter_portion\/\" \/>\n<meta property=\"og:site_name\" content=\"Heinrichsthaler\" \/>\n<meta property=\"article:modified_time\" content=\"2026-02-13T08:06:09+00:00\" \/>\n<meta property=\"og:image\" content=\"https:\/\/heinrichsthaler.de\/wp-content\/uploads\/2021\/09\/Heinrichsthaler-Grundsortiment-Tilsiter-Portion.jpg\" \/>\n\t<meta property=\"og:image:width\" content=\"1200\" \/>\n\t<meta property=\"og:image:height\" content=\"900\" \/>\n\t<meta property=\"og:image:type\" content=\"image\/jpeg\" \/>\n<meta name=\"twitter:card\" content=\"summary_large_image\" \/>\n<meta name=\"twitter:label1\" content=\"Est. reading time\" \/>\n\t<meta name=\"twitter:data1\" content=\"1 minute\" \/>\n<script type=\"application\/ld+json\" class=\"yoast-schema-graph\">{\"@context\":\"https:\/\/schema.org\",\"@graph\":[{\"@type\":\"WebPage\",\"@id\":\"https:\/\/heinrichsthaler.de\/produkt\/tilsiter_portion\/\",\"url\":\"https:\/\/heinrichsthaler.de\/produkt\/tilsiter_portion\/\",\"name\":\"Tilsiter - Heinrichsthaler\",\"isPartOf\":{\"@id\":\"https:\/\/heinrichsthaler.de\/en\/#website\"},\"primaryImageOfPage\":{\"@id\":\"https:\/\/heinrichsthaler.de\/produkt\/tilsiter_portion\/#primaryimage\"},\"image\":{\"@id\":\"https:\/\/heinrichsthaler.de\/produkt\/tilsiter_portion\/#primaryimage\"},\"thumbnailUrl\":\"https:\/\/heinrichsthaler.de\/wp-content\/uploads\/2021\/09\/Heinrichsthaler-Grundsortiment-Tilsiter-Portion.jpg\",\"datePublished\":\"2021-09-23T09:27:59+00:00\",\"dateModified\":\"2026-02-13T08:06:09+00:00\",\"breadcrumb\":{\"@id\":\"https:\/\/heinrichsthaler.de\/produkt\/tilsiter_portion\/#breadcrumb\"},\"inLanguage\":\"en-US\",\"potentialAction\":[{\"@type\":\"ReadAction\",\"target\":[\"https:\/\/heinrichsthaler.de\/produkt\/tilsiter_portion\/\"]}]},{\"@type\":\"ImageObject\",\"inLanguage\":\"en-US\",\"@id\":\"https:\/\/heinrichsthaler.de\/produkt\/tilsiter_portion\/#primaryimage\",\"url\":\"https:\/\/heinrichsthaler.de\/wp-content\/uploads\/2021\/09\/Heinrichsthaler-Grundsortiment-Tilsiter-Portion.jpg\",\"contentUrl\":\"https:\/\/heinrichsthaler.de\/wp-content\/uploads\/2021\/09\/Heinrichsthaler-Grundsortiment-Tilsiter-Portion.jpg\",\"width\":1200,\"height\":900},{\"@type\":\"BreadcrumbList\",\"@id\":\"https:\/\/heinrichsthaler.de\/produkt\/tilsiter_portion\/#breadcrumb\",\"itemListElement\":[{\"@type\":\"ListItem\",\"position\":1,\"name\":\"Startseite\",\"item\":\"https:\/\/heinrichsthaler.de\/\"},{\"@type\":\"ListItem\",\"position\":2,\"name\":\"Products\",\"item\":\"https:\/\/heinrichsthaler.de\/en\/shop\/\"},{\"@type\":\"ListItem\",\"position\":3,\"name\":\"Tilsiter\"}]},{\"@type\":\"WebSite\",\"@id\":\"https:\/\/heinrichsthaler.de\/en\/#website\",\"url\":\"https:\/\/heinrichsthaler.de\/en\/\",\"name\":\"Heinrichsthaler\",\"description\":\"K\u00f6nigliche K\u00e4sespezialit\u00e4ten\",\"potentialAction\":[{\"@type\":\"SearchAction\",\"target\":{\"@type\":\"EntryPoint\",\"urlTemplate\":\"https:\/\/heinrichsthaler.de\/en\/?s={search_term_string}\"},\"query-input\":{\"@type\":\"PropertyValueSpecification\",\"valueRequired\":true,\"valueName\":\"search_term_string\"}}],\"inLanguage\":\"en-US\"}]}<\/script>\n<!-- \/ Yoast SEO plugin. -->","yoast_head_json":{"title":"Tilsiter - Heinrichsthaler","robots":{"index":"index","follow":"follow","max-snippet":"max-snippet:-1","max-image-preview":"max-image-preview:large","max-video-preview":"max-video-preview:-1"},"canonical":"https:\/\/heinrichsthaler.de\/produkt\/tilsiter_portion\/","og_locale":"en_US","og_type":"article","og_title":"Tilsiter - Heinrichsthaler","og_description":"lactosefrei, glutenfrei  Inhalt:\u00a0250 g  45 % Fett i. Tr.","og_url":"https:\/\/heinrichsthaler.de\/produkt\/tilsiter_portion\/","og_site_name":"Heinrichsthaler","article_modified_time":"2026-02-13T08:06:09+00:00","og_image":[{"width":1200,"height":900,"url":"https:\/\/heinrichsthaler.de\/wp-content\/uploads\/2021\/09\/Heinrichsthaler-Grundsortiment-Tilsiter-Portion.jpg","type":"image\/jpeg"}],"twitter_card":"summary_large_image","twitter_misc":{"Est. reading time":"1 minute"},"schema":{"@context":"https:\/\/schema.org","@graph":[{"@type":"WebPage","@id":"https:\/\/heinrichsthaler.de\/produkt\/tilsiter_portion\/","url":"https:\/\/heinrichsthaler.de\/produkt\/tilsiter_portion\/","name":"Tilsiter - Heinrichsthaler","isPartOf":{"@id":"https:\/\/heinrichsthaler.de\/en\/#website"},"primaryImageOfPage":{"@id":"https:\/\/heinrichsthaler.de\/produkt\/tilsiter_portion\/#primaryimage"},"image":{"@id":"https:\/\/heinrichsthaler.de\/produkt\/tilsiter_portion\/#primaryimage"},"thumbnailUrl":"https:\/\/heinrichsthaler.de\/wp-content\/uploads\/2021\/09\/Heinrichsthaler-Grundsortiment-Tilsiter-Portion.jpg","datePublished":"2021-09-23T09:27:59+00:00","dateModified":"2026-02-13T08:06:09+00:00","breadcrumb":{"@id":"https:\/\/heinrichsthaler.de\/produkt\/tilsiter_portion\/#breadcrumb"},"inLanguage":"en-US","potentialAction":[{"@type":"ReadAction","target":["https:\/\/heinrichsthaler.de\/produkt\/tilsiter_portion\/"]}]},{"@type":"ImageObject","inLanguage":"en-US","@id":"https:\/\/heinrichsthaler.de\/produkt\/tilsiter_portion\/#primaryimage","url":"https:\/\/heinrichsthaler.de\/wp-content\/uploads\/2021\/09\/Heinrichsthaler-Grundsortiment-Tilsiter-Portion.jpg","contentUrl":"https:\/\/heinrichsthaler.de\/wp-content\/uploads\/2021\/09\/Heinrichsthaler-Grundsortiment-Tilsiter-Portion.jpg","width":1200,"height":900},{"@type":"BreadcrumbList","@id":"https:\/\/heinrichsthaler.de\/produkt\/tilsiter_portion\/#breadcrumb","itemListElement":[{"@type":"ListItem","position":1,"name":"Startseite","item":"https:\/\/heinrichsthaler.de\/"},{"@type":"ListItem","position":2,"name":"Products","item":"https:\/\/heinrichsthaler.de\/en\/shop\/"},{"@type":"ListItem","position":3,"name":"Tilsiter"}]},{"@type":"WebSite","@id":"https:\/\/heinrichsthaler.de\/en\/#website","url":"https:\/\/heinrichsthaler.de\/en\/","name":"Heinrichsthaler","description":"K\u00f6nigliche K\u00e4sespezialit\u00e4ten","potentialAction":[{"@type":"SearchAction","target":{"@type":"EntryPoint","urlTemplate":"https:\/\/heinrichsthaler.de\/en\/?s={search_term_string}"},"query-input":{"@type":"PropertyValueSpecification","valueRequired":true,"valueName":"search_term_string"}}],"inLanguage":"en-US"}]}},"_links":{"self":[{"href":"https:\/\/heinrichsthaler.de\/en\/wp-json\/wp\/v2\/product\/12407","targetHints":{"allow":["GET"]}}],"collection":[{"href":"https:\/\/heinrichsthaler.de\/en\/wp-json\/wp\/v2\/product"}],"about":[{"href":"https:\/\/heinrichsthaler.de\/en\/wp-json\/wp\/v2\/types\/product"}],"wp:featuredmedia":[{"embeddable":true,"href":"https:\/\/heinrichsthaler.de\/en\/wp-json\/wp\/v2\/media\/12409"}],"wp:attachment":[{"href":"https:\/\/heinrichsthaler.de\/en\/wp-json\/wp\/v2\/media?parent=12407"}],"wp:term":[{"taxonomy":"product_brand","embeddable":true,"href":"https:\/\/heinrichsthaler.de\/en\/wp-json\/wp\/v2\/product_brand?post=12407"},{"taxonomy":"product_cat","embeddable":true,"href":"https:\/\/heinrichsthaler.de\/en\/wp-json\/wp\/v2\/product_cat?post=12407"},{"taxonomy":"product_tag","embeddable":true,"href":"https:\/\/heinrichsthaler.de\/en\/wp-json\/wp\/v2\/product_tag?post=12407"}],"curies":[{"name":"wp","href":"https:\/\/api.w.org\/{rel}","templated":true}]}}