{"id":23079,"date":"2025-08-06T08:38:33","date_gmt":"2025-08-06T08:38:33","guid":{"rendered":"https:\/\/heinrichsthaler.de\/produkt\/der-radeberger-bockshornklee\/"},"modified":"2025-08-11T12:31:01","modified_gmt":"2025-08-11T12:31:01","slug":"der-radeberger-nutty","status":"publish","type":"product","link":"https:\/\/heinrichsthaler.de\/en\/produkt\/der-radeberger-nutty\/","title":{"rendered":"Der Radeberger &#8211; Nutty"},"content":{"rendered":"<p>This full-bodied cheese has a distinctive nutty flavour, which comes from fenugreek. Perfect for those with nut allergies.<\/p>\n<p>And best of all, this cheese is made from milk sourced from farms with high animal welfare standards. For more responsible enjoyment!<\/p>\n<p><em>For more responsible enjoyment! You can find everything about our cooperation with <span style=\"color: #003366;\"><strong><a style=\"color: #003366;\" href=\"https:\/\/heinrichsthaler.de\/en\/partnership-cow-garden\/\" target=\"_blank\" rel=\"noopener\">Cow Garden<\/a><\/strong><\/span> here.<\/em><\/p>\n","protected":false},"excerpt":{"rendered":"<p>Content: 125 g<\/p>\n<p>60 % Fat i.d.M.<\/p>\n","protected":false},"featured_media":22956,"template":"","meta":{"_acf_changed":false},"product_brand":[],"product_cat":[732,2231],"product_tag":[2217,2235,2229,2234,2097,2233,2098,2228],"class_list":{"0":"post-23079","1":"product","2":"type-product","3":"status-publish","4":"has-post-thumbnail","6":"product_cat-assortment","7":"product_cat-radeberger-en","8":"product_tag-2217","9":"product_tag-allergy-friendly","10":"product_tag-animal-welfare","11":"product_tag-fenugreek","12":"product_tag-heinrichsthaler","13":"product_tag-nutty","14":"product_tag-selektion","15":"product_tag-special","17":"first","18":"instock","19":"shipping-taxable","20":"product-type-simple"},"acf":[],"yoast_head":"<!-- This site is optimized with the Yoast SEO plugin v26.8 - https:\/\/yoast.com\/product\/yoast-seo-wordpress\/ -->\n<title>Der Radeberger - Nutty - Heinrichsthaler<\/title>\n<meta name=\"robots\" content=\"index, follow, max-snippet:-1, max-image-preview:large, max-video-preview:-1\" \/>\n<link rel=\"canonical\" href=\"https:\/\/heinrichsthaler.de\/en\/produkt\/der-radeberger-nutty\/\" \/>\n<meta property=\"og:locale\" content=\"en_US\" \/>\n<meta property=\"og:type\" content=\"article\" \/>\n<meta property=\"og:title\" content=\"Der Radeberger - Nutty - Heinrichsthaler\" \/>\n<meta property=\"og:description\" content=\"Content: 125 g  60 % Fat i.d.M.\" \/>\n<meta property=\"og:url\" content=\"https:\/\/heinrichsthaler.de\/en\/produkt\/der-radeberger-nutty\/\" \/>\n<meta property=\"og:site_name\" content=\"Heinrichsthaler\" \/>\n<meta property=\"article:modified_time\" content=\"2025-08-11T12:31:01+00:00\" \/>\n<meta property=\"og:image\" content=\"https:\/\/heinrichsthaler.de\/wp-content\/uploads\/2025\/08\/Heinrichsthaler-8564-Radeberger-Bockshornklee.jpg\" \/>\n\t<meta property=\"og:image:width\" content=\"1200\" \/>\n\t<meta property=\"og:image:height\" content=\"900\" \/>\n\t<meta property=\"og:image:type\" content=\"image\/jpeg\" \/>\n<meta name=\"twitter:card\" content=\"summary_large_image\" \/>\n<meta name=\"twitter:label1\" content=\"Est. reading time\" \/>\n\t<meta name=\"twitter:data1\" content=\"1 minute\" \/>\n<script type=\"application\/ld+json\" class=\"yoast-schema-graph\">{\"@context\":\"https:\/\/schema.org\",\"@graph\":[{\"@type\":\"WebPage\",\"@id\":\"https:\/\/heinrichsthaler.de\/en\/produkt\/der-radeberger-nutty\/\",\"url\":\"https:\/\/heinrichsthaler.de\/en\/produkt\/der-radeberger-nutty\/\",\"name\":\"Der Radeberger - Nutty - Heinrichsthaler\",\"isPartOf\":{\"@id\":\"https:\/\/heinrichsthaler.de\/en\/#website\"},\"primaryImageOfPage\":{\"@id\":\"https:\/\/heinrichsthaler.de\/en\/produkt\/der-radeberger-nutty\/#primaryimage\"},\"image\":{\"@id\":\"https:\/\/heinrichsthaler.de\/en\/produkt\/der-radeberger-nutty\/#primaryimage\"},\"thumbnailUrl\":\"https:\/\/heinrichsthaler.de\/wp-content\/uploads\/2025\/08\/Heinrichsthaler-8564-Radeberger-Bockshornklee.jpg\",\"datePublished\":\"2025-08-06T08:38:33+00:00\",\"dateModified\":\"2025-08-11T12:31:01+00:00\",\"breadcrumb\":{\"@id\":\"https:\/\/heinrichsthaler.de\/en\/produkt\/der-radeberger-nutty\/#breadcrumb\"},\"inLanguage\":\"en-US\",\"potentialAction\":[{\"@type\":\"ReadAction\",\"target\":[\"https:\/\/heinrichsthaler.de\/en\/produkt\/der-radeberger-nutty\/\"]}]},{\"@type\":\"ImageObject\",\"inLanguage\":\"en-US\",\"@id\":\"https:\/\/heinrichsthaler.de\/en\/produkt\/der-radeberger-nutty\/#primaryimage\",\"url\":\"https:\/\/heinrichsthaler.de\/wp-content\/uploads\/2025\/08\/Heinrichsthaler-8564-Radeberger-Bockshornklee.jpg\",\"contentUrl\":\"https:\/\/heinrichsthaler.de\/wp-content\/uploads\/2025\/08\/Heinrichsthaler-8564-Radeberger-Bockshornklee.jpg\",\"width\":1200,\"height\":900},{\"@type\":\"BreadcrumbList\",\"@id\":\"https:\/\/heinrichsthaler.de\/en\/produkt\/der-radeberger-nutty\/#breadcrumb\",\"itemListElement\":[{\"@type\":\"ListItem\",\"position\":1,\"name\":\"Startseite\",\"item\":\"https:\/\/heinrichsthaler.de\/\"},{\"@type\":\"ListItem\",\"position\":2,\"name\":\"Products\",\"item\":\"https:\/\/heinrichsthaler.de\/en\/shop\/\"},{\"@type\":\"ListItem\",\"position\":3,\"name\":\"Der Radeberger &#8211; Nutty\"}]},{\"@type\":\"WebSite\",\"@id\":\"https:\/\/heinrichsthaler.de\/en\/#website\",\"url\":\"https:\/\/heinrichsthaler.de\/en\/\",\"name\":\"Heinrichsthaler\",\"description\":\"K\u00f6nigliche K\u00e4sespezialit\u00e4ten\",\"potentialAction\":[{\"@type\":\"SearchAction\",\"target\":{\"@type\":\"EntryPoint\",\"urlTemplate\":\"https:\/\/heinrichsthaler.de\/en\/?s={search_term_string}\"},\"query-input\":{\"@type\":\"PropertyValueSpecification\",\"valueRequired\":true,\"valueName\":\"search_term_string\"}}],\"inLanguage\":\"en-US\"}]}<\/script>\n<!-- \/ Yoast SEO plugin. -->","yoast_head_json":{"title":"Der Radeberger - Nutty - Heinrichsthaler","robots":{"index":"index","follow":"follow","max-snippet":"max-snippet:-1","max-image-preview":"max-image-preview:large","max-video-preview":"max-video-preview:-1"},"canonical":"https:\/\/heinrichsthaler.de\/en\/produkt\/der-radeberger-nutty\/","og_locale":"en_US","og_type":"article","og_title":"Der Radeberger - Nutty - Heinrichsthaler","og_description":"Content: 125 g  60 % Fat i.d.M.","og_url":"https:\/\/heinrichsthaler.de\/en\/produkt\/der-radeberger-nutty\/","og_site_name":"Heinrichsthaler","article_modified_time":"2025-08-11T12:31:01+00:00","og_image":[{"width":1200,"height":900,"url":"https:\/\/heinrichsthaler.de\/wp-content\/uploads\/2025\/08\/Heinrichsthaler-8564-Radeberger-Bockshornklee.jpg","type":"image\/jpeg"}],"twitter_card":"summary_large_image","twitter_misc":{"Est. reading time":"1 minute"},"schema":{"@context":"https:\/\/schema.org","@graph":[{"@type":"WebPage","@id":"https:\/\/heinrichsthaler.de\/en\/produkt\/der-radeberger-nutty\/","url":"https:\/\/heinrichsthaler.de\/en\/produkt\/der-radeberger-nutty\/","name":"Der Radeberger - Nutty - Heinrichsthaler","isPartOf":{"@id":"https:\/\/heinrichsthaler.de\/en\/#website"},"primaryImageOfPage":{"@id":"https:\/\/heinrichsthaler.de\/en\/produkt\/der-radeberger-nutty\/#primaryimage"},"image":{"@id":"https:\/\/heinrichsthaler.de\/en\/produkt\/der-radeberger-nutty\/#primaryimage"},"thumbnailUrl":"https:\/\/heinrichsthaler.de\/wp-content\/uploads\/2025\/08\/Heinrichsthaler-8564-Radeberger-Bockshornklee.jpg","datePublished":"2025-08-06T08:38:33+00:00","dateModified":"2025-08-11T12:31:01+00:00","breadcrumb":{"@id":"https:\/\/heinrichsthaler.de\/en\/produkt\/der-radeberger-nutty\/#breadcrumb"},"inLanguage":"en-US","potentialAction":[{"@type":"ReadAction","target":["https:\/\/heinrichsthaler.de\/en\/produkt\/der-radeberger-nutty\/"]}]},{"@type":"ImageObject","inLanguage":"en-US","@id":"https:\/\/heinrichsthaler.de\/en\/produkt\/der-radeberger-nutty\/#primaryimage","url":"https:\/\/heinrichsthaler.de\/wp-content\/uploads\/2025\/08\/Heinrichsthaler-8564-Radeberger-Bockshornklee.jpg","contentUrl":"https:\/\/heinrichsthaler.de\/wp-content\/uploads\/2025\/08\/Heinrichsthaler-8564-Radeberger-Bockshornklee.jpg","width":1200,"height":900},{"@type":"BreadcrumbList","@id":"https:\/\/heinrichsthaler.de\/en\/produkt\/der-radeberger-nutty\/#breadcrumb","itemListElement":[{"@type":"ListItem","position":1,"name":"Startseite","item":"https:\/\/heinrichsthaler.de\/"},{"@type":"ListItem","position":2,"name":"Products","item":"https:\/\/heinrichsthaler.de\/en\/shop\/"},{"@type":"ListItem","position":3,"name":"Der Radeberger &#8211; Nutty"}]},{"@type":"WebSite","@id":"https:\/\/heinrichsthaler.de\/en\/#website","url":"https:\/\/heinrichsthaler.de\/en\/","name":"Heinrichsthaler","description":"K\u00f6nigliche K\u00e4sespezialit\u00e4ten","potentialAction":[{"@type":"SearchAction","target":{"@type":"EntryPoint","urlTemplate":"https:\/\/heinrichsthaler.de\/en\/?s={search_term_string}"},"query-input":{"@type":"PropertyValueSpecification","valueRequired":true,"valueName":"search_term_string"}}],"inLanguage":"en-US"}]}},"_links":{"self":[{"href":"https:\/\/heinrichsthaler.de\/en\/wp-json\/wp\/v2\/product\/23079","targetHints":{"allow":["GET"]}}],"collection":[{"href":"https:\/\/heinrichsthaler.de\/en\/wp-json\/wp\/v2\/product"}],"about":[{"href":"https:\/\/heinrichsthaler.de\/en\/wp-json\/wp\/v2\/types\/product"}],"wp:featuredmedia":[{"embeddable":true,"href":"https:\/\/heinrichsthaler.de\/en\/wp-json\/wp\/v2\/media\/22956"}],"wp:attachment":[{"href":"https:\/\/heinrichsthaler.de\/en\/wp-json\/wp\/v2\/media?parent=23079"}],"wp:term":[{"taxonomy":"product_brand","embeddable":true,"href":"https:\/\/heinrichsthaler.de\/en\/wp-json\/wp\/v2\/product_brand?post=23079"},{"taxonomy":"product_cat","embeddable":true,"href":"https:\/\/heinrichsthaler.de\/en\/wp-json\/wp\/v2\/product_cat?post=23079"},{"taxonomy":"product_tag","embeddable":true,"href":"https:\/\/heinrichsthaler.de\/en\/wp-json\/wp\/v2\/product_tag?post=23079"}],"curies":[{"name":"wp","href":"https:\/\/api.w.org\/{rel}","templated":true}]}}