{"id":23089,"date":"2024-05-08T08:40:41","date_gmt":"2024-05-08T08:40:41","guid":{"rendered":"https:\/\/heinrichsthaler.de\/produkt\/deligan-camembert\/"},"modified":"2025-08-06T14:04:30","modified_gmt":"2025-08-06T14:04:30","slug":"deligan-camembert","status":"publish","type":"product","link":"https:\/\/heinrichsthaler.de\/en\/produkt\/deligan-camembert\/","title":{"rendered":"Deligan |\u00a0Camembert"},"content":{"rendered":"<div class=\"TypographyPresentation TypographyPresentation--m RichText3-paragraph--withVSpacingNormal RichText3-paragraph\">\n<p>Discover the taste of tradition and naturalness with our vegan Camembert. Made from carefully selected natural ingredients and matured according to traditional recipes, our vegan Camembert offers the full flavour and creamy consistency of its classic cow&#8217;s milk counterpart.<\/p>\n<p>Our vegan Camembert is versatile and perfect as a starter or highlight on your vegan cheese buffet. Enjoy it with fruity mustard sauces for an incomparable taste experience.<\/p>\n<p>And best of all, our vegan Camembert is lactose- and gluten-free, making it suitable for people with special dietary needs.<\/p>\n<p>Trust in our experience and quality as Germany&#8217;s first Camembert manufacturer and experience the full-bodied variety of flavours of our vegan alternative.<\/p>\n<\/div>\n","protected":false},"excerpt":{"rendered":"<p>Lactose-free, gluten-free<\/p>\n<p>Suitable for vegan diets<\/p>\n<p>Contents: 125 g<\/p>\n","protected":false},"featured_media":20026,"template":"","meta":{"_acf_changed":false},"product_brand":[],"product_cat":[732,2244],"product_tag":[1912,2238,1916,2242,2240,2239,2243,1913,2241],"class_list":{"0":"post-23089","1":"product","2":"type-product","3":"status-publish","4":"has-post-thumbnail","6":"product_cat-assortment","7":"product_cat-deligan-en","8":"product_tag-camembert","9":"product_tag-creamy","10":"product_tag-edelschimmel","11":"product_tag-fermented","12":"product_tag-gluten-free","13":"product_tag-lactose-free","14":"product_tag-noble-mould","15":"product_tag-vegan","16":"product_tag-vegan-diets","18":"first","19":"instock","20":"shipping-taxable","21":"product-type-simple"},"acf":[],"yoast_head":"<!-- This site is optimized with the Yoast SEO plugin v26.8 - https:\/\/yoast.com\/product\/yoast-seo-wordpress\/ -->\n<title>Deligan |\u00a0Camembert - Heinrichsthaler<\/title>\n<meta name=\"robots\" content=\"index, follow, max-snippet:-1, max-image-preview:large, max-video-preview:-1\" \/>\n<link rel=\"canonical\" href=\"https:\/\/heinrichsthaler.de\/en\/produkt\/deligan-camembert\/\" \/>\n<meta property=\"og:locale\" content=\"en_US\" \/>\n<meta property=\"og:type\" content=\"article\" \/>\n<meta property=\"og:title\" content=\"Deligan |\u00a0Camembert - Heinrichsthaler\" \/>\n<meta property=\"og:description\" content=\"Lactose-free, gluten-free  Suitable for vegan diets  Contents: 125 g\" \/>\n<meta property=\"og:url\" content=\"https:\/\/heinrichsthaler.de\/en\/produkt\/deligan-camembert\/\" \/>\n<meta property=\"og:site_name\" content=\"Heinrichsthaler\" \/>\n<meta property=\"article:modified_time\" content=\"2025-08-06T14:04:30+00:00\" \/>\n<meta property=\"og:image\" content=\"https:\/\/heinrichsthaler.de\/wp-content\/uploads\/2021\/09\/Heinrichsthaler-Camembert-vegan-Deligan.jpg\" \/>\n\t<meta property=\"og:image:width\" content=\"1200\" \/>\n\t<meta property=\"og:image:height\" content=\"900\" \/>\n\t<meta property=\"og:image:type\" content=\"image\/jpeg\" \/>\n<meta name=\"twitter:card\" content=\"summary_large_image\" \/>\n<meta name=\"twitter:label1\" content=\"Est. reading time\" \/>\n\t<meta name=\"twitter:data1\" content=\"1 minute\" \/>\n<script type=\"application\/ld+json\" class=\"yoast-schema-graph\">{\"@context\":\"https:\/\/schema.org\",\"@graph\":[{\"@type\":\"WebPage\",\"@id\":\"https:\/\/heinrichsthaler.de\/en\/produkt\/deligan-camembert\/\",\"url\":\"https:\/\/heinrichsthaler.de\/en\/produkt\/deligan-camembert\/\",\"name\":\"Deligan |\u00a0Camembert - Heinrichsthaler\",\"isPartOf\":{\"@id\":\"https:\/\/heinrichsthaler.de\/en\/#website\"},\"primaryImageOfPage\":{\"@id\":\"https:\/\/heinrichsthaler.de\/en\/produkt\/deligan-camembert\/#primaryimage\"},\"image\":{\"@id\":\"https:\/\/heinrichsthaler.de\/en\/produkt\/deligan-camembert\/#primaryimage\"},\"thumbnailUrl\":\"https:\/\/heinrichsthaler.de\/wp-content\/uploads\/2021\/09\/Heinrichsthaler-Camembert-vegan-Deligan.jpg\",\"datePublished\":\"2024-05-08T08:40:41+00:00\",\"dateModified\":\"2025-08-06T14:04:30+00:00\",\"breadcrumb\":{\"@id\":\"https:\/\/heinrichsthaler.de\/en\/produkt\/deligan-camembert\/#breadcrumb\"},\"inLanguage\":\"en-US\",\"potentialAction\":[{\"@type\":\"ReadAction\",\"target\":[\"https:\/\/heinrichsthaler.de\/en\/produkt\/deligan-camembert\/\"]}]},{\"@type\":\"ImageObject\",\"inLanguage\":\"en-US\",\"@id\":\"https:\/\/heinrichsthaler.de\/en\/produkt\/deligan-camembert\/#primaryimage\",\"url\":\"https:\/\/heinrichsthaler.de\/wp-content\/uploads\/2021\/09\/Heinrichsthaler-Camembert-vegan-Deligan.jpg\",\"contentUrl\":\"https:\/\/heinrichsthaler.de\/wp-content\/uploads\/2021\/09\/Heinrichsthaler-Camembert-vegan-Deligan.jpg\",\"width\":1200,\"height\":900},{\"@type\":\"BreadcrumbList\",\"@id\":\"https:\/\/heinrichsthaler.de\/en\/produkt\/deligan-camembert\/#breadcrumb\",\"itemListElement\":[{\"@type\":\"ListItem\",\"position\":1,\"name\":\"Startseite\",\"item\":\"https:\/\/heinrichsthaler.de\/\"},{\"@type\":\"ListItem\",\"position\":2,\"name\":\"Products\",\"item\":\"https:\/\/heinrichsthaler.de\/en\/shop\/\"},{\"@type\":\"ListItem\",\"position\":3,\"name\":\"Deligan |\u00a0Camembert\"}]},{\"@type\":\"WebSite\",\"@id\":\"https:\/\/heinrichsthaler.de\/en\/#website\",\"url\":\"https:\/\/heinrichsthaler.de\/en\/\",\"name\":\"Heinrichsthaler\",\"description\":\"K\u00f6nigliche K\u00e4sespezialit\u00e4ten\",\"potentialAction\":[{\"@type\":\"SearchAction\",\"target\":{\"@type\":\"EntryPoint\",\"urlTemplate\":\"https:\/\/heinrichsthaler.de\/en\/?s={search_term_string}\"},\"query-input\":{\"@type\":\"PropertyValueSpecification\",\"valueRequired\":true,\"valueName\":\"search_term_string\"}}],\"inLanguage\":\"en-US\"}]}<\/script>\n<!-- \/ Yoast SEO plugin. -->","yoast_head_json":{"title":"Deligan |\u00a0Camembert - Heinrichsthaler","robots":{"index":"index","follow":"follow","max-snippet":"max-snippet:-1","max-image-preview":"max-image-preview:large","max-video-preview":"max-video-preview:-1"},"canonical":"https:\/\/heinrichsthaler.de\/en\/produkt\/deligan-camembert\/","og_locale":"en_US","og_type":"article","og_title":"Deligan |\u00a0Camembert - Heinrichsthaler","og_description":"Lactose-free, gluten-free  Suitable for vegan diets  Contents: 125 g","og_url":"https:\/\/heinrichsthaler.de\/en\/produkt\/deligan-camembert\/","og_site_name":"Heinrichsthaler","article_modified_time":"2025-08-06T14:04:30+00:00","og_image":[{"width":1200,"height":900,"url":"https:\/\/heinrichsthaler.de\/wp-content\/uploads\/2021\/09\/Heinrichsthaler-Camembert-vegan-Deligan.jpg","type":"image\/jpeg"}],"twitter_card":"summary_large_image","twitter_misc":{"Est. reading time":"1 minute"},"schema":{"@context":"https:\/\/schema.org","@graph":[{"@type":"WebPage","@id":"https:\/\/heinrichsthaler.de\/en\/produkt\/deligan-camembert\/","url":"https:\/\/heinrichsthaler.de\/en\/produkt\/deligan-camembert\/","name":"Deligan |\u00a0Camembert - Heinrichsthaler","isPartOf":{"@id":"https:\/\/heinrichsthaler.de\/en\/#website"},"primaryImageOfPage":{"@id":"https:\/\/heinrichsthaler.de\/en\/produkt\/deligan-camembert\/#primaryimage"},"image":{"@id":"https:\/\/heinrichsthaler.de\/en\/produkt\/deligan-camembert\/#primaryimage"},"thumbnailUrl":"https:\/\/heinrichsthaler.de\/wp-content\/uploads\/2021\/09\/Heinrichsthaler-Camembert-vegan-Deligan.jpg","datePublished":"2024-05-08T08:40:41+00:00","dateModified":"2025-08-06T14:04:30+00:00","breadcrumb":{"@id":"https:\/\/heinrichsthaler.de\/en\/produkt\/deligan-camembert\/#breadcrumb"},"inLanguage":"en-US","potentialAction":[{"@type":"ReadAction","target":["https:\/\/heinrichsthaler.de\/en\/produkt\/deligan-camembert\/"]}]},{"@type":"ImageObject","inLanguage":"en-US","@id":"https:\/\/heinrichsthaler.de\/en\/produkt\/deligan-camembert\/#primaryimage","url":"https:\/\/heinrichsthaler.de\/wp-content\/uploads\/2021\/09\/Heinrichsthaler-Camembert-vegan-Deligan.jpg","contentUrl":"https:\/\/heinrichsthaler.de\/wp-content\/uploads\/2021\/09\/Heinrichsthaler-Camembert-vegan-Deligan.jpg","width":1200,"height":900},{"@type":"BreadcrumbList","@id":"https:\/\/heinrichsthaler.de\/en\/produkt\/deligan-camembert\/#breadcrumb","itemListElement":[{"@type":"ListItem","position":1,"name":"Startseite","item":"https:\/\/heinrichsthaler.de\/"},{"@type":"ListItem","position":2,"name":"Products","item":"https:\/\/heinrichsthaler.de\/en\/shop\/"},{"@type":"ListItem","position":3,"name":"Deligan |\u00a0Camembert"}]},{"@type":"WebSite","@id":"https:\/\/heinrichsthaler.de\/en\/#website","url":"https:\/\/heinrichsthaler.de\/en\/","name":"Heinrichsthaler","description":"K\u00f6nigliche K\u00e4sespezialit\u00e4ten","potentialAction":[{"@type":"SearchAction","target":{"@type":"EntryPoint","urlTemplate":"https:\/\/heinrichsthaler.de\/en\/?s={search_term_string}"},"query-input":{"@type":"PropertyValueSpecification","valueRequired":true,"valueName":"search_term_string"}}],"inLanguage":"en-US"}]}},"_links":{"self":[{"href":"https:\/\/heinrichsthaler.de\/en\/wp-json\/wp\/v2\/product\/23089","targetHints":{"allow":["GET"]}}],"collection":[{"href":"https:\/\/heinrichsthaler.de\/en\/wp-json\/wp\/v2\/product"}],"about":[{"href":"https:\/\/heinrichsthaler.de\/en\/wp-json\/wp\/v2\/types\/product"}],"wp:featuredmedia":[{"embeddable":true,"href":"https:\/\/heinrichsthaler.de\/en\/wp-json\/wp\/v2\/media\/20026"}],"wp:attachment":[{"href":"https:\/\/heinrichsthaler.de\/en\/wp-json\/wp\/v2\/media?parent=23089"}],"wp:term":[{"taxonomy":"product_brand","embeddable":true,"href":"https:\/\/heinrichsthaler.de\/en\/wp-json\/wp\/v2\/product_brand?post=23089"},{"taxonomy":"product_cat","embeddable":true,"href":"https:\/\/heinrichsthaler.de\/en\/wp-json\/wp\/v2\/product_cat?post=23089"},{"taxonomy":"product_tag","embeddable":true,"href":"https:\/\/heinrichsthaler.de\/en\/wp-json\/wp\/v2\/product_tag?post=23089"}],"curies":[{"name":"wp","href":"https:\/\/api.w.org\/{rel}","templated":true}]}}