{"id":2896,"date":"2017-07-06T14:20:55","date_gmt":"2017-07-06T14:20:55","guid":{"rendered":"https:\/\/neu.heinrichsthaler.de\/produkt\/gouda-doubleshingled\/"},"modified":"2017-07-06T14:20:55","modified_gmt":"2017-07-06T14:20:55","slug":"gouda-doubleshingled","status":"publish","type":"product","link":"https:\/\/heinrichsthaler.de\/en\/produkt\/gouda-doubleshingled\/","title":{"rendered":"Gouda"},"content":{"rendered":"<p>Mit seinem sahnig-milden Geschmack ist der Gouda der beliebteste K\u00e4se zum \u00dcberbacken von Aufl\u00e4ufen und Gratins.<\/p>\n<p>Inhalt: 1000 g<\/p>\n<p>Verpackung: Hartschale<\/p>\n<p>48 % Fett i. Tr., 10 x 10cm, 2 x 25 x 20 g<\/p>\n<p><strong>N\u00e4hrwerte:<\/strong><br \/>\nBrennwert: 1.399 kJ \/ 337 kcal<br \/>\nFett: 27 g<br \/>\ndavon ges\u00e4ttigte Fetts\u00e4uren: 17 g<br \/>\nKohlenhydrate: &lt; 0,5 g<br \/>\ndavon Zucker: &lt; 0,5 g<br \/>\nEiwei\u00df: 23 g<br \/>\nSalz: 1,8 g<\/p>\n<p>&nbsp;<\/p>\n","protected":false},"excerpt":{"rendered":"<p>Mit seinem sahnig-milden Geschmack ist der Gouda der beliebteste K\u00e4se zum \u00dcberbacken von Aufl\u00e4ufen und Gratins. Inhalt: 1000 g Verpackung: Hartschale 48 % Fett i. Tr., 10 x 10cm, 2 x 25 x 20 g N\u00e4hrwerte: Brennwert: 1.399 kJ \/ 337 kcal Fett: 27 g davon ges\u00e4ttigte Fetts\u00e4uren: 17 g Kohlenhydrate: &lt; 0,5 g davon [&hellip;]<\/p>\n","protected":false},"featured_media":8425,"template":"","meta":{"_acf_changed":false},"product_brand":[],"product_cat":[121,541],"product_tag":[],"class_list":{"0":"post-2896","1":"product","2":"type-product","3":"status-publish","4":"has-post-thumbnail","6":"product_cat-grossverbraucher-produkte","7":"product_cat-schindelpack-grossverbraucher-produkte","9":"first","10":"instock","11":"shipping-taxable","12":"product-type-simple"},"acf":[],"yoast_head":"<!-- This site is optimized with the Yoast SEO plugin v26.8 - https:\/\/yoast.com\/product\/yoast-seo-wordpress\/ -->\n<title>Gouda - Heinrichsthaler<\/title>\n<meta name=\"robots\" content=\"index, follow, max-snippet:-1, max-image-preview:large, max-video-preview:-1\" \/>\n<link rel=\"canonical\" href=\"https:\/\/heinrichsthaler.de\/produkt\/gouda-doubleshingled\/\" \/>\n<meta property=\"og:locale\" content=\"en_US\" \/>\n<meta property=\"og:type\" content=\"article\" \/>\n<meta property=\"og:title\" content=\"Gouda - Heinrichsthaler\" \/>\n<meta property=\"og:description\" content=\"Mit seinem sahnig-milden Geschmack ist der Gouda der beliebteste K\u00e4se zum \u00dcberbacken von Aufl\u00e4ufen und Gratins. Inhalt: 1000 g Verpackung: Hartschale 48 % Fett i. Tr., 10 x 10cm, 2 x 25 x 20 g N\u00e4hrwerte: Brennwert: 1.399 kJ \/ 337 kcal Fett: 27 g davon ges\u00e4ttigte Fetts\u00e4uren: 17 g Kohlenhydrate: &lt; 0,5 g davon [&hellip;]\" \/>\n<meta property=\"og:url\" content=\"https:\/\/heinrichsthaler.de\/produkt\/gouda-doubleshingled\/\" \/>\n<meta property=\"og:site_name\" content=\"Heinrichsthaler\" \/>\n<meta property=\"og:image\" content=\"https:\/\/heinrichsthaler.de\/wp-content\/uploads\/2021\/05\/Heinrichsthaler_Schindelpack_Gouda.jpg\" \/>\n\t<meta property=\"og:image:width\" content=\"1200\" \/>\n\t<meta property=\"og:image:height\" content=\"900\" \/>\n\t<meta property=\"og:image:type\" content=\"image\/jpeg\" \/>\n<meta name=\"twitter:card\" content=\"summary_large_image\" \/>\n<script type=\"application\/ld+json\" class=\"yoast-schema-graph\">{\"@context\":\"https:\/\/schema.org\",\"@graph\":[{\"@type\":\"WebPage\",\"@id\":\"https:\/\/heinrichsthaler.de\/produkt\/gouda-doubleshingled\/\",\"url\":\"https:\/\/heinrichsthaler.de\/produkt\/gouda-doubleshingled\/\",\"name\":\"Gouda - Heinrichsthaler\",\"isPartOf\":{\"@id\":\"https:\/\/heinrichsthaler.de\/en\/#website\"},\"primaryImageOfPage\":{\"@id\":\"https:\/\/heinrichsthaler.de\/produkt\/gouda-doubleshingled\/#primaryimage\"},\"image\":{\"@id\":\"https:\/\/heinrichsthaler.de\/produkt\/gouda-doubleshingled\/#primaryimage\"},\"thumbnailUrl\":\"https:\/\/heinrichsthaler.de\/wp-content\/uploads\/2021\/05\/Heinrichsthaler_Schindelpack_Gouda.jpg\",\"datePublished\":\"2017-07-06T14:20:55+00:00\",\"breadcrumb\":{\"@id\":\"https:\/\/heinrichsthaler.de\/produkt\/gouda-doubleshingled\/#breadcrumb\"},\"inLanguage\":\"en-US\",\"potentialAction\":[{\"@type\":\"ReadAction\",\"target\":[\"https:\/\/heinrichsthaler.de\/produkt\/gouda-doubleshingled\/\"]}]},{\"@type\":\"ImageObject\",\"inLanguage\":\"en-US\",\"@id\":\"https:\/\/heinrichsthaler.de\/produkt\/gouda-doubleshingled\/#primaryimage\",\"url\":\"https:\/\/heinrichsthaler.de\/wp-content\/uploads\/2021\/05\/Heinrichsthaler_Schindelpack_Gouda.jpg\",\"contentUrl\":\"https:\/\/heinrichsthaler.de\/wp-content\/uploads\/2021\/05\/Heinrichsthaler_Schindelpack_Gouda.jpg\",\"width\":1200,\"height\":900,\"caption\":\"Gouda\"},{\"@type\":\"BreadcrumbList\",\"@id\":\"https:\/\/heinrichsthaler.de\/produkt\/gouda-doubleshingled\/#breadcrumb\",\"itemListElement\":[{\"@type\":\"ListItem\",\"position\":1,\"name\":\"Startseite\",\"item\":\"https:\/\/heinrichsthaler.de\/\"},{\"@type\":\"ListItem\",\"position\":2,\"name\":\"Products\",\"item\":\"https:\/\/heinrichsthaler.de\/en\/shop\/\"},{\"@type\":\"ListItem\",\"position\":3,\"name\":\"Gouda\"}]},{\"@type\":\"WebSite\",\"@id\":\"https:\/\/heinrichsthaler.de\/en\/#website\",\"url\":\"https:\/\/heinrichsthaler.de\/en\/\",\"name\":\"Heinrichsthaler\",\"description\":\"K\u00f6nigliche K\u00e4sespezialit\u00e4ten\",\"potentialAction\":[{\"@type\":\"SearchAction\",\"target\":{\"@type\":\"EntryPoint\",\"urlTemplate\":\"https:\/\/heinrichsthaler.de\/en\/?s={search_term_string}\"},\"query-input\":{\"@type\":\"PropertyValueSpecification\",\"valueRequired\":true,\"valueName\":\"search_term_string\"}}],\"inLanguage\":\"en-US\"}]}<\/script>\n<!-- \/ Yoast SEO plugin. -->","yoast_head_json":{"title":"Gouda - Heinrichsthaler","robots":{"index":"index","follow":"follow","max-snippet":"max-snippet:-1","max-image-preview":"max-image-preview:large","max-video-preview":"max-video-preview:-1"},"canonical":"https:\/\/heinrichsthaler.de\/produkt\/gouda-doubleshingled\/","og_locale":"en_US","og_type":"article","og_title":"Gouda - Heinrichsthaler","og_description":"Mit seinem sahnig-milden Geschmack ist der Gouda der beliebteste K\u00e4se zum \u00dcberbacken von Aufl\u00e4ufen und Gratins. Inhalt: 1000 g Verpackung: Hartschale 48 % Fett i. Tr., 10 x 10cm, 2 x 25 x 20 g N\u00e4hrwerte: Brennwert: 1.399 kJ \/ 337 kcal Fett: 27 g davon ges\u00e4ttigte Fetts\u00e4uren: 17 g Kohlenhydrate: &lt; 0,5 g davon [&hellip;]","og_url":"https:\/\/heinrichsthaler.de\/produkt\/gouda-doubleshingled\/","og_site_name":"Heinrichsthaler","og_image":[{"width":1200,"height":900,"url":"https:\/\/heinrichsthaler.de\/wp-content\/uploads\/2021\/05\/Heinrichsthaler_Schindelpack_Gouda.jpg","type":"image\/jpeg"}],"twitter_card":"summary_large_image","schema":{"@context":"https:\/\/schema.org","@graph":[{"@type":"WebPage","@id":"https:\/\/heinrichsthaler.de\/produkt\/gouda-doubleshingled\/","url":"https:\/\/heinrichsthaler.de\/produkt\/gouda-doubleshingled\/","name":"Gouda - Heinrichsthaler","isPartOf":{"@id":"https:\/\/heinrichsthaler.de\/en\/#website"},"primaryImageOfPage":{"@id":"https:\/\/heinrichsthaler.de\/produkt\/gouda-doubleshingled\/#primaryimage"},"image":{"@id":"https:\/\/heinrichsthaler.de\/produkt\/gouda-doubleshingled\/#primaryimage"},"thumbnailUrl":"https:\/\/heinrichsthaler.de\/wp-content\/uploads\/2021\/05\/Heinrichsthaler_Schindelpack_Gouda.jpg","datePublished":"2017-07-06T14:20:55+00:00","breadcrumb":{"@id":"https:\/\/heinrichsthaler.de\/produkt\/gouda-doubleshingled\/#breadcrumb"},"inLanguage":"en-US","potentialAction":[{"@type":"ReadAction","target":["https:\/\/heinrichsthaler.de\/produkt\/gouda-doubleshingled\/"]}]},{"@type":"ImageObject","inLanguage":"en-US","@id":"https:\/\/heinrichsthaler.de\/produkt\/gouda-doubleshingled\/#primaryimage","url":"https:\/\/heinrichsthaler.de\/wp-content\/uploads\/2021\/05\/Heinrichsthaler_Schindelpack_Gouda.jpg","contentUrl":"https:\/\/heinrichsthaler.de\/wp-content\/uploads\/2021\/05\/Heinrichsthaler_Schindelpack_Gouda.jpg","width":1200,"height":900,"caption":"Gouda"},{"@type":"BreadcrumbList","@id":"https:\/\/heinrichsthaler.de\/produkt\/gouda-doubleshingled\/#breadcrumb","itemListElement":[{"@type":"ListItem","position":1,"name":"Startseite","item":"https:\/\/heinrichsthaler.de\/"},{"@type":"ListItem","position":2,"name":"Products","item":"https:\/\/heinrichsthaler.de\/en\/shop\/"},{"@type":"ListItem","position":3,"name":"Gouda"}]},{"@type":"WebSite","@id":"https:\/\/heinrichsthaler.de\/en\/#website","url":"https:\/\/heinrichsthaler.de\/en\/","name":"Heinrichsthaler","description":"K\u00f6nigliche K\u00e4sespezialit\u00e4ten","potentialAction":[{"@type":"SearchAction","target":{"@type":"EntryPoint","urlTemplate":"https:\/\/heinrichsthaler.de\/en\/?s={search_term_string}"},"query-input":{"@type":"PropertyValueSpecification","valueRequired":true,"valueName":"search_term_string"}}],"inLanguage":"en-US"}]}},"_links":{"self":[{"href":"https:\/\/heinrichsthaler.de\/en\/wp-json\/wp\/v2\/product\/2896","targetHints":{"allow":["GET"]}}],"collection":[{"href":"https:\/\/heinrichsthaler.de\/en\/wp-json\/wp\/v2\/product"}],"about":[{"href":"https:\/\/heinrichsthaler.de\/en\/wp-json\/wp\/v2\/types\/product"}],"wp:featuredmedia":[{"embeddable":true,"href":"https:\/\/heinrichsthaler.de\/en\/wp-json\/wp\/v2\/media\/8425"}],"wp:attachment":[{"href":"https:\/\/heinrichsthaler.de\/en\/wp-json\/wp\/v2\/media?parent=2896"}],"wp:term":[{"taxonomy":"product_brand","embeddable":true,"href":"https:\/\/heinrichsthaler.de\/en\/wp-json\/wp\/v2\/product_brand?post=2896"},{"taxonomy":"product_cat","embeddable":true,"href":"https:\/\/heinrichsthaler.de\/en\/wp-json\/wp\/v2\/product_cat?post=2896"},{"taxonomy":"product_tag","embeddable":true,"href":"https:\/\/heinrichsthaler.de\/en\/wp-json\/wp\/v2\/product_tag?post=2896"}],"curies":[{"name":"wp","href":"https:\/\/api.w.org\/{rel}","templated":true}]}}