{"id":2934,"date":"2017-07-26T10:47:19","date_gmt":"2017-07-26T10:47:19","guid":{"rendered":"https:\/\/neu.heinrichsthaler.de\/produkt\/heinrichsthaler-gouda-reibekaese-1-kg-3mm\/"},"modified":"2026-02-27T12:53:28","modified_gmt":"2026-02-27T12:53:28","slug":"heinrichsthaler-gouda-reibekaese-1-kg-3mm","status":"publish","type":"product","link":"https:\/\/heinrichsthaler.de\/en\/produkt\/heinrichsthaler-gouda-reibekaese-1-kg-3mm\/","title":{"rendered":"Gouda Reibek\u00e4se 3 mm"},"content":{"rendered":"<p>Inhalt: 1000 g<\/p>\n<p>Verpackung: Folienbeutel<\/p>\n<p>48 % Fett i. Tr., Fadenl\u00e4nge: 0,5 &#8211; 2,0 cm, Reibung: 3,0 mm<\/p>\n<p><strong>N\u00e4hrwerte:<\/strong><br \/>\nBrennwert: 1.387 kJ (334 kcal)<br \/>\nFett: 26 g<br \/>\ndavon ges\u00e4ttigte Fetts\u00e4uren: 16 g<br \/>\nKohlenhydrate: 3,0 g<br \/>\ndavon Zucker: &lt; 0,5 g<br \/>\nEiwei\u00df: 22 g<br \/>\nSalz: 1,8 g<\/p>\n","protected":false},"excerpt":{"rendered":"<p>Inhalt: 1000 g Verpackung: Folienbeutel 48 % Fett i. Tr., Fadenl\u00e4nge: 0,5 &#8211; 2,0 cm, Reibung: 3,0 mm N\u00e4hrwerte: Brennwert: 1.387 kJ (334 kcal) Fett: 26 g davon ges\u00e4ttigte Fetts\u00e4uren: 16 g Kohlenhydrate: 3,0 g davon Zucker: &lt; 0,5 g Eiwei\u00df: 22 g Salz: 1,8 g<\/p>\n","protected":false},"featured_media":8441,"template":"","meta":{"_acf_changed":false},"product_brand":[],"product_cat":[121,539],"product_tag":[2478,2455,2473,2475,2460,2097,2457,2445,2489],"class_list":{"0":"post-2934","1":"product","2":"type-product","3":"status-publish","4":"has-post-thumbnail","6":"product_cat-grossverbraucher-produkte","7":"product_cat-reibekaese-grossverbraucher-produkte","8":"product_tag-1kg","9":"product_tag-2455","10":"product_tag-gerieben","11":"product_tag-gouda","12":"product_tag-grossverbrauch","13":"product_tag-heinrichsthaler","14":"product_tag-leicht-pikant","15":"product_tag-mild","16":"product_tag-partyzeit","18":"first","19":"instock","20":"shipping-taxable","21":"product-type-simple"},"acf":[],"yoast_head":"<!-- This site is optimized with the Yoast SEO plugin v26.8 - https:\/\/yoast.com\/product\/yoast-seo-wordpress\/ -->\n<title>Gouda Reibek\u00e4se 3 mm - Heinrichsthaler<\/title>\n<meta name=\"robots\" content=\"index, follow, max-snippet:-1, max-image-preview:large, max-video-preview:-1\" \/>\n<link rel=\"canonical\" href=\"https:\/\/heinrichsthaler.de\/produkt\/heinrichsthaler-gouda-reibekaese-1-kg-3mm\/\" \/>\n<meta property=\"og:locale\" content=\"en_US\" \/>\n<meta property=\"og:type\" content=\"article\" \/>\n<meta property=\"og:title\" content=\"Gouda Reibek\u00e4se 3 mm - Heinrichsthaler\" \/>\n<meta property=\"og:description\" content=\"Inhalt: 1000 g Verpackung: Folienbeutel 48 % Fett i. Tr., Fadenl\u00e4nge: 0,5 &#8211; 2,0 cm, Reibung: 3,0 mm N\u00e4hrwerte: Brennwert: 1.387 kJ (334 kcal) Fett: 26 g davon ges\u00e4ttigte Fetts\u00e4uren: 16 g Kohlenhydrate: 3,0 g davon Zucker: &lt; 0,5 g Eiwei\u00df: 22 g Salz: 1,8 g\" \/>\n<meta property=\"og:url\" content=\"https:\/\/heinrichsthaler.de\/produkt\/heinrichsthaler-gouda-reibekaese-1-kg-3mm\/\" \/>\n<meta property=\"og:site_name\" content=\"Heinrichsthaler\" \/>\n<meta property=\"article:modified_time\" content=\"2026-02-27T12:53:28+00:00\" \/>\n<meta property=\"og:image\" content=\"https:\/\/heinrichsthaler.de\/wp-content\/uploads\/2021\/05\/Heinrichsthaler_Reibekaese_Gouda_3mm_1kg.jpg\" \/>\n\t<meta property=\"og:image:width\" content=\"1200\" \/>\n\t<meta property=\"og:image:height\" content=\"900\" \/>\n\t<meta property=\"og:image:type\" content=\"image\/jpeg\" \/>\n<meta name=\"twitter:card\" content=\"summary_large_image\" \/>\n<script type=\"application\/ld+json\" class=\"yoast-schema-graph\">{\"@context\":\"https:\/\/schema.org\",\"@graph\":[{\"@type\":\"WebPage\",\"@id\":\"https:\/\/heinrichsthaler.de\/produkt\/heinrichsthaler-gouda-reibekaese-1-kg-3mm\/\",\"url\":\"https:\/\/heinrichsthaler.de\/produkt\/heinrichsthaler-gouda-reibekaese-1-kg-3mm\/\",\"name\":\"Gouda Reibek\u00e4se 3 mm - Heinrichsthaler\",\"isPartOf\":{\"@id\":\"https:\/\/heinrichsthaler.de\/en\/#website\"},\"primaryImageOfPage\":{\"@id\":\"https:\/\/heinrichsthaler.de\/produkt\/heinrichsthaler-gouda-reibekaese-1-kg-3mm\/#primaryimage\"},\"image\":{\"@id\":\"https:\/\/heinrichsthaler.de\/produkt\/heinrichsthaler-gouda-reibekaese-1-kg-3mm\/#primaryimage\"},\"thumbnailUrl\":\"https:\/\/heinrichsthaler.de\/wp-content\/uploads\/2021\/05\/Heinrichsthaler_Reibekaese_Gouda_3mm_1kg.jpg\",\"datePublished\":\"2017-07-26T10:47:19+00:00\",\"dateModified\":\"2026-02-27T12:53:28+00:00\",\"breadcrumb\":{\"@id\":\"https:\/\/heinrichsthaler.de\/produkt\/heinrichsthaler-gouda-reibekaese-1-kg-3mm\/#breadcrumb\"},\"inLanguage\":\"en-US\",\"potentialAction\":[{\"@type\":\"ReadAction\",\"target\":[\"https:\/\/heinrichsthaler.de\/produkt\/heinrichsthaler-gouda-reibekaese-1-kg-3mm\/\"]}]},{\"@type\":\"ImageObject\",\"inLanguage\":\"en-US\",\"@id\":\"https:\/\/heinrichsthaler.de\/produkt\/heinrichsthaler-gouda-reibekaese-1-kg-3mm\/#primaryimage\",\"url\":\"https:\/\/heinrichsthaler.de\/wp-content\/uploads\/2021\/05\/Heinrichsthaler_Reibekaese_Gouda_3mm_1kg.jpg\",\"contentUrl\":\"https:\/\/heinrichsthaler.de\/wp-content\/uploads\/2021\/05\/Heinrichsthaler_Reibekaese_Gouda_3mm_1kg.jpg\",\"width\":1200,\"height\":900,\"caption\":\"Gouda Reibek\u00e4se 3 mm\"},{\"@type\":\"BreadcrumbList\",\"@id\":\"https:\/\/heinrichsthaler.de\/produkt\/heinrichsthaler-gouda-reibekaese-1-kg-3mm\/#breadcrumb\",\"itemListElement\":[{\"@type\":\"ListItem\",\"position\":1,\"name\":\"Startseite\",\"item\":\"https:\/\/heinrichsthaler.de\/\"},{\"@type\":\"ListItem\",\"position\":2,\"name\":\"Products\",\"item\":\"https:\/\/heinrichsthaler.de\/en\/shop\/\"},{\"@type\":\"ListItem\",\"position\":3,\"name\":\"Gouda Reibek\u00e4se 3 mm\"}]},{\"@type\":\"WebSite\",\"@id\":\"https:\/\/heinrichsthaler.de\/en\/#website\",\"url\":\"https:\/\/heinrichsthaler.de\/en\/\",\"name\":\"Heinrichsthaler\",\"description\":\"K\u00f6nigliche K\u00e4sespezialit\u00e4ten\",\"potentialAction\":[{\"@type\":\"SearchAction\",\"target\":{\"@type\":\"EntryPoint\",\"urlTemplate\":\"https:\/\/heinrichsthaler.de\/en\/?s={search_term_string}\"},\"query-input\":{\"@type\":\"PropertyValueSpecification\",\"valueRequired\":true,\"valueName\":\"search_term_string\"}}],\"inLanguage\":\"en-US\"}]}<\/script>\n<!-- \/ Yoast SEO plugin. -->","yoast_head_json":{"title":"Gouda Reibek\u00e4se 3 mm - Heinrichsthaler","robots":{"index":"index","follow":"follow","max-snippet":"max-snippet:-1","max-image-preview":"max-image-preview:large","max-video-preview":"max-video-preview:-1"},"canonical":"https:\/\/heinrichsthaler.de\/produkt\/heinrichsthaler-gouda-reibekaese-1-kg-3mm\/","og_locale":"en_US","og_type":"article","og_title":"Gouda Reibek\u00e4se 3 mm - Heinrichsthaler","og_description":"Inhalt: 1000 g Verpackung: Folienbeutel 48 % Fett i. Tr., Fadenl\u00e4nge: 0,5 &#8211; 2,0 cm, Reibung: 3,0 mm N\u00e4hrwerte: Brennwert: 1.387 kJ (334 kcal) Fett: 26 g davon ges\u00e4ttigte Fetts\u00e4uren: 16 g Kohlenhydrate: 3,0 g davon Zucker: &lt; 0,5 g Eiwei\u00df: 22 g Salz: 1,8 g","og_url":"https:\/\/heinrichsthaler.de\/produkt\/heinrichsthaler-gouda-reibekaese-1-kg-3mm\/","og_site_name":"Heinrichsthaler","article_modified_time":"2026-02-27T12:53:28+00:00","og_image":[{"width":1200,"height":900,"url":"https:\/\/heinrichsthaler.de\/wp-content\/uploads\/2021\/05\/Heinrichsthaler_Reibekaese_Gouda_3mm_1kg.jpg","type":"image\/jpeg"}],"twitter_card":"summary_large_image","schema":{"@context":"https:\/\/schema.org","@graph":[{"@type":"WebPage","@id":"https:\/\/heinrichsthaler.de\/produkt\/heinrichsthaler-gouda-reibekaese-1-kg-3mm\/","url":"https:\/\/heinrichsthaler.de\/produkt\/heinrichsthaler-gouda-reibekaese-1-kg-3mm\/","name":"Gouda Reibek\u00e4se 3 mm - Heinrichsthaler","isPartOf":{"@id":"https:\/\/heinrichsthaler.de\/en\/#website"},"primaryImageOfPage":{"@id":"https:\/\/heinrichsthaler.de\/produkt\/heinrichsthaler-gouda-reibekaese-1-kg-3mm\/#primaryimage"},"image":{"@id":"https:\/\/heinrichsthaler.de\/produkt\/heinrichsthaler-gouda-reibekaese-1-kg-3mm\/#primaryimage"},"thumbnailUrl":"https:\/\/heinrichsthaler.de\/wp-content\/uploads\/2021\/05\/Heinrichsthaler_Reibekaese_Gouda_3mm_1kg.jpg","datePublished":"2017-07-26T10:47:19+00:00","dateModified":"2026-02-27T12:53:28+00:00","breadcrumb":{"@id":"https:\/\/heinrichsthaler.de\/produkt\/heinrichsthaler-gouda-reibekaese-1-kg-3mm\/#breadcrumb"},"inLanguage":"en-US","potentialAction":[{"@type":"ReadAction","target":["https:\/\/heinrichsthaler.de\/produkt\/heinrichsthaler-gouda-reibekaese-1-kg-3mm\/"]}]},{"@type":"ImageObject","inLanguage":"en-US","@id":"https:\/\/heinrichsthaler.de\/produkt\/heinrichsthaler-gouda-reibekaese-1-kg-3mm\/#primaryimage","url":"https:\/\/heinrichsthaler.de\/wp-content\/uploads\/2021\/05\/Heinrichsthaler_Reibekaese_Gouda_3mm_1kg.jpg","contentUrl":"https:\/\/heinrichsthaler.de\/wp-content\/uploads\/2021\/05\/Heinrichsthaler_Reibekaese_Gouda_3mm_1kg.jpg","width":1200,"height":900,"caption":"Gouda Reibek\u00e4se 3 mm"},{"@type":"BreadcrumbList","@id":"https:\/\/heinrichsthaler.de\/produkt\/heinrichsthaler-gouda-reibekaese-1-kg-3mm\/#breadcrumb","itemListElement":[{"@type":"ListItem","position":1,"name":"Startseite","item":"https:\/\/heinrichsthaler.de\/"},{"@type":"ListItem","position":2,"name":"Products","item":"https:\/\/heinrichsthaler.de\/en\/shop\/"},{"@type":"ListItem","position":3,"name":"Gouda Reibek\u00e4se 3 mm"}]},{"@type":"WebSite","@id":"https:\/\/heinrichsthaler.de\/en\/#website","url":"https:\/\/heinrichsthaler.de\/en\/","name":"Heinrichsthaler","description":"K\u00f6nigliche K\u00e4sespezialit\u00e4ten","potentialAction":[{"@type":"SearchAction","target":{"@type":"EntryPoint","urlTemplate":"https:\/\/heinrichsthaler.de\/en\/?s={search_term_string}"},"query-input":{"@type":"PropertyValueSpecification","valueRequired":true,"valueName":"search_term_string"}}],"inLanguage":"en-US"}]}},"_links":{"self":[{"href":"https:\/\/heinrichsthaler.de\/en\/wp-json\/wp\/v2\/product\/2934","targetHints":{"allow":["GET"]}}],"collection":[{"href":"https:\/\/heinrichsthaler.de\/en\/wp-json\/wp\/v2\/product"}],"about":[{"href":"https:\/\/heinrichsthaler.de\/en\/wp-json\/wp\/v2\/types\/product"}],"wp:featuredmedia":[{"embeddable":true,"href":"https:\/\/heinrichsthaler.de\/en\/wp-json\/wp\/v2\/media\/8441"}],"wp:attachment":[{"href":"https:\/\/heinrichsthaler.de\/en\/wp-json\/wp\/v2\/media?parent=2934"}],"wp:term":[{"taxonomy":"product_brand","embeddable":true,"href":"https:\/\/heinrichsthaler.de\/en\/wp-json\/wp\/v2\/product_brand?post=2934"},{"taxonomy":"product_cat","embeddable":true,"href":"https:\/\/heinrichsthaler.de\/en\/wp-json\/wp\/v2\/product_cat?post=2934"},{"taxonomy":"product_tag","embeddable":true,"href":"https:\/\/heinrichsthaler.de\/en\/wp-json\/wp\/v2\/product_tag?post=2934"}],"curies":[{"name":"wp","href":"https:\/\/api.w.org\/{rel}","templated":true}]}}