{"id":2941,"date":"2017-07-26T11:14:43","date_gmt":"2017-07-26T11:14:43","guid":{"rendered":"https:\/\/neu.heinrichsthaler.de\/produkt\/heinrichsthaler-reibmischung-gouda-fondue-1-kg\/"},"modified":"2017-07-26T11:14:43","modified_gmt":"2017-07-26T11:14:43","slug":"heinrichsthaler-reibmischung-gouda-fondue-1-kg","status":"publish","type":"product","link":"https:\/\/heinrichsthaler.de\/en\/produkt\/heinrichsthaler-reibmischung-gouda-fondue-1-kg\/","title":{"rendered":"Reibmischung Gouda Fondue"},"content":{"rendered":"<p>Inhalt: 1000 g<\/p>\n<p>Verpackung: Folienbeutel<\/p>\n<p>45 % Fett i. Tr., Fadenl\u00e4nge: 0,5 &#8211; 2,0 cm, Reibung: 4,2 mm<\/p>\n<p><strong>N\u00e4hrwerte:<\/strong><br \/>\nBrennwert: 1.330 kJ (320 kcal)<br \/>\nFett: 24 g<br \/>\ndavon ges\u00e4ttigte Fetts\u00e4uren: 14 g<br \/>\nKohlenhydrate: 3,0 g<br \/>\ndavon Zucker: &lt; 0,5 g<br \/>\nEiwei\u00df: 23 g<br \/>\nSalz: 1,8 g<\/p>\n<p>&nbsp;<\/p>\n","protected":false},"excerpt":{"rendered":"<p>Inhalt: 1000 g Verpackung: Folienbeutel 45 % Fett i. Tr., Fadenl\u00e4nge: 0,5 &#8211; 2,0 cm, Reibung: 4,2 mm N\u00e4hrwerte: Brennwert: 1.330 kJ (320 kcal) Fett: 24 g davon ges\u00e4ttigte Fetts\u00e4uren: 14 g Kohlenhydrate: 3,0 g davon Zucker: &lt; 0,5 g Eiwei\u00df: 23 g Salz: 1,8 g &nbsp;<\/p>\n","protected":false},"featured_media":8448,"template":"","meta":{"_acf_changed":false},"product_brand":[],"product_cat":[121,539],"product_tag":[],"class_list":{"0":"post-2941","1":"product","2":"type-product","3":"status-publish","4":"has-post-thumbnail","6":"product_cat-grossverbraucher-produkte","7":"product_cat-reibekaese-grossverbraucher-produkte","9":"first","10":"instock","11":"shipping-taxable","12":"product-type-simple"},"acf":[],"yoast_head":"<!-- This site is optimized with the Yoast SEO plugin v26.8 - https:\/\/yoast.com\/product\/yoast-seo-wordpress\/ -->\n<title>Reibmischung Gouda Fondue - Heinrichsthaler<\/title>\n<meta name=\"robots\" content=\"index, follow, max-snippet:-1, max-image-preview:large, max-video-preview:-1\" \/>\n<link rel=\"canonical\" href=\"https:\/\/heinrichsthaler.de\/en\/produkt\/heinrichsthaler-reibmischung-gouda-fondue-1-kg\/\" \/>\n<meta property=\"og:locale\" content=\"en_US\" \/>\n<meta property=\"og:type\" content=\"article\" \/>\n<meta property=\"og:title\" content=\"Reibmischung Gouda Fondue - Heinrichsthaler\" \/>\n<meta property=\"og:description\" content=\"Inhalt: 1000 g Verpackung: Folienbeutel 45 % Fett i. Tr., Fadenl\u00e4nge: 0,5 &#8211; 2,0 cm, Reibung: 4,2 mm N\u00e4hrwerte: Brennwert: 1.330 kJ (320 kcal) Fett: 24 g davon ges\u00e4ttigte Fetts\u00e4uren: 14 g Kohlenhydrate: 3,0 g davon Zucker: &lt; 0,5 g Eiwei\u00df: 23 g Salz: 1,8 g &nbsp;\" \/>\n<meta property=\"og:url\" content=\"https:\/\/heinrichsthaler.de\/en\/produkt\/heinrichsthaler-reibmischung-gouda-fondue-1-kg\/\" \/>\n<meta property=\"og:site_name\" content=\"Heinrichsthaler\" \/>\n<meta property=\"og:image\" content=\"https:\/\/heinrichsthaler.de\/wp-content\/uploads\/2021\/05\/Heinrichsthaler_Reibekaese_GoudaFondue_1kg.jpg\" \/>\n\t<meta property=\"og:image:width\" content=\"1200\" \/>\n\t<meta property=\"og:image:height\" content=\"900\" \/>\n\t<meta property=\"og:image:type\" content=\"image\/jpeg\" \/>\n<meta name=\"twitter:card\" content=\"summary_large_image\" \/>\n<script type=\"application\/ld+json\" class=\"yoast-schema-graph\">{\"@context\":\"https:\/\/schema.org\",\"@graph\":[{\"@type\":\"WebPage\",\"@id\":\"https:\/\/heinrichsthaler.de\/en\/produkt\/heinrichsthaler-reibmischung-gouda-fondue-1-kg\/\",\"url\":\"https:\/\/heinrichsthaler.de\/en\/produkt\/heinrichsthaler-reibmischung-gouda-fondue-1-kg\/\",\"name\":\"Reibmischung Gouda Fondue - Heinrichsthaler\",\"isPartOf\":{\"@id\":\"https:\/\/heinrichsthaler.de\/en\/#website\"},\"primaryImageOfPage\":{\"@id\":\"https:\/\/heinrichsthaler.de\/en\/produkt\/heinrichsthaler-reibmischung-gouda-fondue-1-kg\/#primaryimage\"},\"image\":{\"@id\":\"https:\/\/heinrichsthaler.de\/en\/produkt\/heinrichsthaler-reibmischung-gouda-fondue-1-kg\/#primaryimage\"},\"thumbnailUrl\":\"https:\/\/heinrichsthaler.de\/wp-content\/uploads\/2021\/05\/Heinrichsthaler_Reibekaese_GoudaFondue_1kg.jpg\",\"datePublished\":\"2017-07-26T11:14:43+00:00\",\"breadcrumb\":{\"@id\":\"https:\/\/heinrichsthaler.de\/en\/produkt\/heinrichsthaler-reibmischung-gouda-fondue-1-kg\/#breadcrumb\"},\"inLanguage\":\"en-US\",\"potentialAction\":[{\"@type\":\"ReadAction\",\"target\":[\"https:\/\/heinrichsthaler.de\/en\/produkt\/heinrichsthaler-reibmischung-gouda-fondue-1-kg\/\"]}]},{\"@type\":\"ImageObject\",\"inLanguage\":\"en-US\",\"@id\":\"https:\/\/heinrichsthaler.de\/en\/produkt\/heinrichsthaler-reibmischung-gouda-fondue-1-kg\/#primaryimage\",\"url\":\"https:\/\/heinrichsthaler.de\/wp-content\/uploads\/2021\/05\/Heinrichsthaler_Reibekaese_GoudaFondue_1kg.jpg\",\"contentUrl\":\"https:\/\/heinrichsthaler.de\/wp-content\/uploads\/2021\/05\/Heinrichsthaler_Reibekaese_GoudaFondue_1kg.jpg\",\"width\":1200,\"height\":900,\"caption\":\"Reibmischung Gouda Fondue\"},{\"@type\":\"BreadcrumbList\",\"@id\":\"https:\/\/heinrichsthaler.de\/en\/produkt\/heinrichsthaler-reibmischung-gouda-fondue-1-kg\/#breadcrumb\",\"itemListElement\":[{\"@type\":\"ListItem\",\"position\":1,\"name\":\"Startseite\",\"item\":\"https:\/\/heinrichsthaler.de\/\"},{\"@type\":\"ListItem\",\"position\":2,\"name\":\"Products\",\"item\":\"https:\/\/heinrichsthaler.de\/en\/shop\/\"},{\"@type\":\"ListItem\",\"position\":3,\"name\":\"Reibmischung Gouda Fondue\"}]},{\"@type\":\"WebSite\",\"@id\":\"https:\/\/heinrichsthaler.de\/en\/#website\",\"url\":\"https:\/\/heinrichsthaler.de\/en\/\",\"name\":\"Heinrichsthaler\",\"description\":\"K\u00f6nigliche K\u00e4sespezialit\u00e4ten\",\"potentialAction\":[{\"@type\":\"SearchAction\",\"target\":{\"@type\":\"EntryPoint\",\"urlTemplate\":\"https:\/\/heinrichsthaler.de\/en\/?s={search_term_string}\"},\"query-input\":{\"@type\":\"PropertyValueSpecification\",\"valueRequired\":true,\"valueName\":\"search_term_string\"}}],\"inLanguage\":\"en-US\"}]}<\/script>\n<!-- \/ Yoast SEO plugin. -->","yoast_head_json":{"title":"Reibmischung Gouda Fondue - Heinrichsthaler","robots":{"index":"index","follow":"follow","max-snippet":"max-snippet:-1","max-image-preview":"max-image-preview:large","max-video-preview":"max-video-preview:-1"},"canonical":"https:\/\/heinrichsthaler.de\/en\/produkt\/heinrichsthaler-reibmischung-gouda-fondue-1-kg\/","og_locale":"en_US","og_type":"article","og_title":"Reibmischung Gouda Fondue - Heinrichsthaler","og_description":"Inhalt: 1000 g Verpackung: Folienbeutel 45 % Fett i. Tr., Fadenl\u00e4nge: 0,5 &#8211; 2,0 cm, Reibung: 4,2 mm N\u00e4hrwerte: Brennwert: 1.330 kJ (320 kcal) Fett: 24 g davon ges\u00e4ttigte Fetts\u00e4uren: 14 g Kohlenhydrate: 3,0 g davon Zucker: &lt; 0,5 g Eiwei\u00df: 23 g Salz: 1,8 g &nbsp;","og_url":"https:\/\/heinrichsthaler.de\/en\/produkt\/heinrichsthaler-reibmischung-gouda-fondue-1-kg\/","og_site_name":"Heinrichsthaler","og_image":[{"width":1200,"height":900,"url":"https:\/\/heinrichsthaler.de\/wp-content\/uploads\/2021\/05\/Heinrichsthaler_Reibekaese_GoudaFondue_1kg.jpg","type":"image\/jpeg"}],"twitter_card":"summary_large_image","schema":{"@context":"https:\/\/schema.org","@graph":[{"@type":"WebPage","@id":"https:\/\/heinrichsthaler.de\/en\/produkt\/heinrichsthaler-reibmischung-gouda-fondue-1-kg\/","url":"https:\/\/heinrichsthaler.de\/en\/produkt\/heinrichsthaler-reibmischung-gouda-fondue-1-kg\/","name":"Reibmischung Gouda Fondue - Heinrichsthaler","isPartOf":{"@id":"https:\/\/heinrichsthaler.de\/en\/#website"},"primaryImageOfPage":{"@id":"https:\/\/heinrichsthaler.de\/en\/produkt\/heinrichsthaler-reibmischung-gouda-fondue-1-kg\/#primaryimage"},"image":{"@id":"https:\/\/heinrichsthaler.de\/en\/produkt\/heinrichsthaler-reibmischung-gouda-fondue-1-kg\/#primaryimage"},"thumbnailUrl":"https:\/\/heinrichsthaler.de\/wp-content\/uploads\/2021\/05\/Heinrichsthaler_Reibekaese_GoudaFondue_1kg.jpg","datePublished":"2017-07-26T11:14:43+00:00","breadcrumb":{"@id":"https:\/\/heinrichsthaler.de\/en\/produkt\/heinrichsthaler-reibmischung-gouda-fondue-1-kg\/#breadcrumb"},"inLanguage":"en-US","potentialAction":[{"@type":"ReadAction","target":["https:\/\/heinrichsthaler.de\/en\/produkt\/heinrichsthaler-reibmischung-gouda-fondue-1-kg\/"]}]},{"@type":"ImageObject","inLanguage":"en-US","@id":"https:\/\/heinrichsthaler.de\/en\/produkt\/heinrichsthaler-reibmischung-gouda-fondue-1-kg\/#primaryimage","url":"https:\/\/heinrichsthaler.de\/wp-content\/uploads\/2021\/05\/Heinrichsthaler_Reibekaese_GoudaFondue_1kg.jpg","contentUrl":"https:\/\/heinrichsthaler.de\/wp-content\/uploads\/2021\/05\/Heinrichsthaler_Reibekaese_GoudaFondue_1kg.jpg","width":1200,"height":900,"caption":"Reibmischung Gouda Fondue"},{"@type":"BreadcrumbList","@id":"https:\/\/heinrichsthaler.de\/en\/produkt\/heinrichsthaler-reibmischung-gouda-fondue-1-kg\/#breadcrumb","itemListElement":[{"@type":"ListItem","position":1,"name":"Startseite","item":"https:\/\/heinrichsthaler.de\/"},{"@type":"ListItem","position":2,"name":"Products","item":"https:\/\/heinrichsthaler.de\/en\/shop\/"},{"@type":"ListItem","position":3,"name":"Reibmischung Gouda Fondue"}]},{"@type":"WebSite","@id":"https:\/\/heinrichsthaler.de\/en\/#website","url":"https:\/\/heinrichsthaler.de\/en\/","name":"Heinrichsthaler","description":"K\u00f6nigliche K\u00e4sespezialit\u00e4ten","potentialAction":[{"@type":"SearchAction","target":{"@type":"EntryPoint","urlTemplate":"https:\/\/heinrichsthaler.de\/en\/?s={search_term_string}"},"query-input":{"@type":"PropertyValueSpecification","valueRequired":true,"valueName":"search_term_string"}}],"inLanguage":"en-US"}]}},"_links":{"self":[{"href":"https:\/\/heinrichsthaler.de\/en\/wp-json\/wp\/v2\/product\/2941","targetHints":{"allow":["GET"]}}],"collection":[{"href":"https:\/\/heinrichsthaler.de\/en\/wp-json\/wp\/v2\/product"}],"about":[{"href":"https:\/\/heinrichsthaler.de\/en\/wp-json\/wp\/v2\/types\/product"}],"wp:featuredmedia":[{"embeddable":true,"href":"https:\/\/heinrichsthaler.de\/en\/wp-json\/wp\/v2\/media\/8448"}],"wp:attachment":[{"href":"https:\/\/heinrichsthaler.de\/en\/wp-json\/wp\/v2\/media?parent=2941"}],"wp:term":[{"taxonomy":"product_brand","embeddable":true,"href":"https:\/\/heinrichsthaler.de\/en\/wp-json\/wp\/v2\/product_brand?post=2941"},{"taxonomy":"product_cat","embeddable":true,"href":"https:\/\/heinrichsthaler.de\/en\/wp-json\/wp\/v2\/product_cat?post=2941"},{"taxonomy":"product_tag","embeddable":true,"href":"https:\/\/heinrichsthaler.de\/en\/wp-json\/wp\/v2\/product_tag?post=2941"}],"curies":[{"name":"wp","href":"https:\/\/api.w.org\/{rel}","templated":true}]}}