{"id":2948,"date":"2017-07-26T11:29:02","date_gmt":"2017-07-26T11:29:02","guid":{"rendered":"https:\/\/neu.heinrichsthaler.de\/produkt\/elblaender-sortimentskarton\/"},"modified":"2026-02-17T09:02:42","modified_gmt":"2026-02-17T09:02:42","slug":"elblaender-sortimentskarton","status":"publish","type":"product","link":"https:\/\/heinrichsthaler.de\/en\/produkt\/elblaender-sortimentskarton\/","title":{"rendered":"Sortimentskarton"},"content":{"rendered":"<p>Der Elbl\u00e4nder Sortimentskarton besteht aus folgenden Komponenten: 1x Natur, 1x Leicht, 2x B\u00e4rlauch, 1x Pfeffer, 1x Chili, 2x Tomate-Basilikum, 1x Nussig und 1x Bierk\u00e4se<\/p>\n<p>Inhalt: 10 x 500 g<\/p>\n<p>Verpackung: Hartschale<\/p>\n<p>pro Packung: 30 % \/ 45 % \/ 60 % Fett i. Tr., lactosefrei, glutenfrei, 10 x 10 cm, 25 x 20 g<\/p>\n<p><strong>N\u00e4hrwerte:<\/strong><br \/>\nBrennwert: 1.139 kJ (273 kcal) \/ 1.458 kJ (351 kcal) \/ 1.806 kJ (436 kcal)<br \/>\nFett: 17 g \/ 27 g \/ 38 g<br \/>\ndavon ges\u00e4ttigte Fetts\u00e4uren: 10 g \/ 17 g \/ 23 g<br \/>\nKohlenhydrate: &lt; 0,1 g \/ &lt; 0,5 g<br \/>\ndavon Zucker: &lt; 0,1 g \/ &lt; 0,5 g<br \/>\nEiwei\u00df: 30 g \/ 27 g \/ 23 g<br \/>\nSalz: 1,2 g \/ 1,8 g<\/p>\n","protected":false},"excerpt":{"rendered":"<p>Der Elbl\u00e4nder Sortimentskarton besteht aus folgenden Komponenten: 1x Natur, 1x Leicht, 2x B\u00e4rlauch, 1x Pfeffer, 1x Chili, 2x Tomate-Basilikum, 1x Nussig und 1x Bierk\u00e4se Inhalt: 10 x 500 g Verpackung: Hartschale pro Packung: 30 % \/ 45 % \/ 60 % Fett i. Tr., lactosefrei, glutenfrei, 10 x 10 cm, 25 x 20 g N\u00e4hrwerte: [&hellip;]<\/p>\n","protected":false},"featured_media":0,"template":"","meta":{"_acf_changed":false},"product_brand":[],"product_cat":[544,121],"product_tag":[2223,2462,2101,2464,2443,2097,2470,2458,2219,2213,2214,2461],"class_list":{"0":"post-2948","1":"product","2":"type-product","3":"status-publish","5":"product_cat-elblaender-faecherpack-grossverbraucher-produkte","6":"product_cat-grossverbraucher-produkte","7":"product_tag-baerlauch","8":"product_tag-basilikum","9":"product_tag-bier","10":"product_tag-chili","11":"product_tag-elblaender","12":"product_tag-heinrichsthaler","13":"product_tag-kraeuter","14":"product_tag-mild-aromatisch","15":"product_tag-nussig","16":"product_tag-scheiben","17":"product_tag-sortiment","18":"product_tag-tomate","20":"first","21":"instock","22":"shipping-taxable","23":"product-type-simple"},"acf":[],"yoast_head":"<!-- This site is optimized with the Yoast SEO plugin v26.8 - https:\/\/yoast.com\/product\/yoast-seo-wordpress\/ -->\n<title>Sortimentskarton - Heinrichsthaler<\/title>\n<meta name=\"robots\" content=\"index, follow, max-snippet:-1, max-image-preview:large, max-video-preview:-1\" \/>\n<link rel=\"canonical\" href=\"https:\/\/heinrichsthaler.de\/produkt\/elblaender-sortimentskarton\/\" \/>\n<meta property=\"og:locale\" content=\"en_US\" \/>\n<meta property=\"og:type\" content=\"article\" \/>\n<meta property=\"og:title\" content=\"Sortimentskarton - Heinrichsthaler\" \/>\n<meta property=\"og:description\" content=\"Der Elbl\u00e4nder Sortimentskarton besteht aus folgenden Komponenten: 1x Natur, 1x Leicht, 2x B\u00e4rlauch, 1x Pfeffer, 1x Chili, 2x Tomate-Basilikum, 1x Nussig und 1x Bierk\u00e4se Inhalt: 10 x 500 g Verpackung: Hartschale pro Packung: 30 % \/ 45 % \/ 60 % Fett i. Tr., lactosefrei, glutenfrei, 10 x 10 cm, 25 x 20 g N\u00e4hrwerte: [&hellip;]\" \/>\n<meta property=\"og:url\" content=\"https:\/\/heinrichsthaler.de\/produkt\/elblaender-sortimentskarton\/\" \/>\n<meta property=\"og:site_name\" content=\"Heinrichsthaler\" \/>\n<meta property=\"article:modified_time\" content=\"2026-02-17T09:02:42+00:00\" \/>\n<meta name=\"twitter:card\" content=\"summary_large_image\" \/>\n<script type=\"application\/ld+json\" class=\"yoast-schema-graph\">{\"@context\":\"https:\/\/schema.org\",\"@graph\":[{\"@type\":\"WebPage\",\"@id\":\"https:\/\/heinrichsthaler.de\/produkt\/elblaender-sortimentskarton\/\",\"url\":\"https:\/\/heinrichsthaler.de\/produkt\/elblaender-sortimentskarton\/\",\"name\":\"Sortimentskarton - Heinrichsthaler\",\"isPartOf\":{\"@id\":\"https:\/\/heinrichsthaler.de\/en\/#website\"},\"datePublished\":\"2017-07-26T11:29:02+00:00\",\"dateModified\":\"2026-02-17T09:02:42+00:00\",\"breadcrumb\":{\"@id\":\"https:\/\/heinrichsthaler.de\/produkt\/elblaender-sortimentskarton\/#breadcrumb\"},\"inLanguage\":\"en-US\",\"potentialAction\":[{\"@type\":\"ReadAction\",\"target\":[\"https:\/\/heinrichsthaler.de\/produkt\/elblaender-sortimentskarton\/\"]}]},{\"@type\":\"BreadcrumbList\",\"@id\":\"https:\/\/heinrichsthaler.de\/produkt\/elblaender-sortimentskarton\/#breadcrumb\",\"itemListElement\":[{\"@type\":\"ListItem\",\"position\":1,\"name\":\"Startseite\",\"item\":\"https:\/\/heinrichsthaler.de\/\"},{\"@type\":\"ListItem\",\"position\":2,\"name\":\"Products\",\"item\":\"https:\/\/heinrichsthaler.de\/en\/shop\/\"},{\"@type\":\"ListItem\",\"position\":3,\"name\":\"Sortimentskarton\"}]},{\"@type\":\"WebSite\",\"@id\":\"https:\/\/heinrichsthaler.de\/en\/#website\",\"url\":\"https:\/\/heinrichsthaler.de\/en\/\",\"name\":\"Heinrichsthaler\",\"description\":\"K\u00f6nigliche K\u00e4sespezialit\u00e4ten\",\"potentialAction\":[{\"@type\":\"SearchAction\",\"target\":{\"@type\":\"EntryPoint\",\"urlTemplate\":\"https:\/\/heinrichsthaler.de\/en\/?s={search_term_string}\"},\"query-input\":{\"@type\":\"PropertyValueSpecification\",\"valueRequired\":true,\"valueName\":\"search_term_string\"}}],\"inLanguage\":\"en-US\"}]}<\/script>\n<!-- \/ Yoast SEO plugin. -->","yoast_head_json":{"title":"Sortimentskarton - Heinrichsthaler","robots":{"index":"index","follow":"follow","max-snippet":"max-snippet:-1","max-image-preview":"max-image-preview:large","max-video-preview":"max-video-preview:-1"},"canonical":"https:\/\/heinrichsthaler.de\/produkt\/elblaender-sortimentskarton\/","og_locale":"en_US","og_type":"article","og_title":"Sortimentskarton - Heinrichsthaler","og_description":"Der Elbl\u00e4nder Sortimentskarton besteht aus folgenden Komponenten: 1x Natur, 1x Leicht, 2x B\u00e4rlauch, 1x Pfeffer, 1x Chili, 2x Tomate-Basilikum, 1x Nussig und 1x Bierk\u00e4se Inhalt: 10 x 500 g Verpackung: Hartschale pro Packung: 30 % \/ 45 % \/ 60 % Fett i. Tr., lactosefrei, glutenfrei, 10 x 10 cm, 25 x 20 g N\u00e4hrwerte: [&hellip;]","og_url":"https:\/\/heinrichsthaler.de\/produkt\/elblaender-sortimentskarton\/","og_site_name":"Heinrichsthaler","article_modified_time":"2026-02-17T09:02:42+00:00","twitter_card":"summary_large_image","schema":{"@context":"https:\/\/schema.org","@graph":[{"@type":"WebPage","@id":"https:\/\/heinrichsthaler.de\/produkt\/elblaender-sortimentskarton\/","url":"https:\/\/heinrichsthaler.de\/produkt\/elblaender-sortimentskarton\/","name":"Sortimentskarton - Heinrichsthaler","isPartOf":{"@id":"https:\/\/heinrichsthaler.de\/en\/#website"},"datePublished":"2017-07-26T11:29:02+00:00","dateModified":"2026-02-17T09:02:42+00:00","breadcrumb":{"@id":"https:\/\/heinrichsthaler.de\/produkt\/elblaender-sortimentskarton\/#breadcrumb"},"inLanguage":"en-US","potentialAction":[{"@type":"ReadAction","target":["https:\/\/heinrichsthaler.de\/produkt\/elblaender-sortimentskarton\/"]}]},{"@type":"BreadcrumbList","@id":"https:\/\/heinrichsthaler.de\/produkt\/elblaender-sortimentskarton\/#breadcrumb","itemListElement":[{"@type":"ListItem","position":1,"name":"Startseite","item":"https:\/\/heinrichsthaler.de\/"},{"@type":"ListItem","position":2,"name":"Products","item":"https:\/\/heinrichsthaler.de\/en\/shop\/"},{"@type":"ListItem","position":3,"name":"Sortimentskarton"}]},{"@type":"WebSite","@id":"https:\/\/heinrichsthaler.de\/en\/#website","url":"https:\/\/heinrichsthaler.de\/en\/","name":"Heinrichsthaler","description":"K\u00f6nigliche K\u00e4sespezialit\u00e4ten","potentialAction":[{"@type":"SearchAction","target":{"@type":"EntryPoint","urlTemplate":"https:\/\/heinrichsthaler.de\/en\/?s={search_term_string}"},"query-input":{"@type":"PropertyValueSpecification","valueRequired":true,"valueName":"search_term_string"}}],"inLanguage":"en-US"}]}},"_links":{"self":[{"href":"https:\/\/heinrichsthaler.de\/en\/wp-json\/wp\/v2\/product\/2948","targetHints":{"allow":["GET"]}}],"collection":[{"href":"https:\/\/heinrichsthaler.de\/en\/wp-json\/wp\/v2\/product"}],"about":[{"href":"https:\/\/heinrichsthaler.de\/en\/wp-json\/wp\/v2\/types\/product"}],"wp:attachment":[{"href":"https:\/\/heinrichsthaler.de\/en\/wp-json\/wp\/v2\/media?parent=2948"}],"wp:term":[{"taxonomy":"product_brand","embeddable":true,"href":"https:\/\/heinrichsthaler.de\/en\/wp-json\/wp\/v2\/product_brand?post=2948"},{"taxonomy":"product_cat","embeddable":true,"href":"https:\/\/heinrichsthaler.de\/en\/wp-json\/wp\/v2\/product_cat?post=2948"},{"taxonomy":"product_tag","embeddable":true,"href":"https:\/\/heinrichsthaler.de\/en\/wp-json\/wp\/v2\/product_tag?post=2948"}],"curies":[{"name":"wp","href":"https:\/\/api.w.org\/{rel}","templated":true}]}}