{"id":2949,"date":"2017-07-26T11:35:38","date_gmt":"2017-07-26T11:35:38","guid":{"rendered":"https:\/\/neu.heinrichsthaler.de\/produkt\/elblaender-faecherpack-leicht\/"},"modified":"2026-02-16T12:33:04","modified_gmt":"2026-02-16T12:33:04","slug":"elblaender-faecherpack-leicht","status":"publish","type":"product","link":"https:\/\/heinrichsthaler.de\/en\/produkt\/elblaender-faecherpack-leicht\/","title":{"rendered":"Der Leichte"},"content":{"rendered":"<p>Elbl\u00e4nder Der Leichte ist mild aromatisch und leicht s\u00fc\u00dflich im Geschmack.<\/p>\n<p>Inhalt: 500 g<\/p>\n<p>Verpackung: Hartschale<\/p>\n<p>30 % Fett i. Tr., lactosefrei, glutenfrei, 10 x 10 cm, 25 x 20 g<\/p>\n<p><strong>N\u00e4hrwerte:<\/strong><br \/>\nBrennwert: 1.139 kJ (273 kcal)<br \/>\nFett: 17 g<br \/>\ndavon ges\u00e4ttigte Fetts\u00e4uren: 10 g<br \/>\nKohlenhydrate: &lt; 0,1 g<br \/>\ndavon Zucker: &lt; 0,1 g<br \/>\nEiwei\u00df: 30 g<br \/>\nSalz: 1,2 g<\/p>\n","protected":false},"excerpt":{"rendered":"<p>Elbl\u00e4nder Der Leichte ist mild aromatisch und leicht s\u00fc\u00dflich im Geschmack. Inhalt: 500 g Verpackung: Hartschale 30 % Fett i. Tr., lactosefrei, glutenfrei, 10 x 10 cm, 25 x 20 g N\u00e4hrwerte: Brennwert: 1.139 kJ (273 kcal) Fett: 17 g davon ges\u00e4ttigte Fetts\u00e4uren: 10 g Kohlenhydrate: &lt; 0,1 g davon Zucker: &lt; 0,1 g Eiwei\u00df: [&hellip;]<\/p>\n","protected":false},"featured_media":8452,"template":"","meta":{"_acf_changed":false},"product_brand":[],"product_cat":[544,121],"product_tag":[2466,2468,2443,2469,2097,1914,2458,2213],"class_list":{"0":"post-2949","1":"product","2":"type-product","3":"status-publish","4":"has-post-thumbnail","6":"product_cat-elblaender-faecherpack-grossverbraucher-produkte","7":"product_cat-grossverbraucher-produkte","8":"product_tag-2466","9":"product_tag-500g","10":"product_tag-elblaender","11":"product_tag-fettarm","12":"product_tag-heinrichsthaler","13":"product_tag-laktosefrei","14":"product_tag-mild-aromatisch","15":"product_tag-scheiben","17":"first","18":"instock","19":"shipping-taxable","20":"product-type-simple"},"acf":[],"yoast_head":"<!-- This site is optimized with the Yoast SEO plugin v26.8 - https:\/\/yoast.com\/product\/yoast-seo-wordpress\/ -->\n<title>Der Leichte - Heinrichsthaler<\/title>\n<meta name=\"robots\" content=\"index, follow, max-snippet:-1, max-image-preview:large, max-video-preview:-1\" \/>\n<link rel=\"canonical\" href=\"https:\/\/heinrichsthaler.de\/produkt\/elblaender-faecherpack-leicht\/\" \/>\n<meta property=\"og:locale\" content=\"en_US\" \/>\n<meta property=\"og:type\" content=\"article\" \/>\n<meta property=\"og:title\" content=\"Der Leichte - Heinrichsthaler\" \/>\n<meta property=\"og:description\" content=\"Elbl\u00e4nder Der Leichte ist mild aromatisch und leicht s\u00fc\u00dflich im Geschmack. Inhalt: 500 g Verpackung: Hartschale 30 % Fett i. Tr., lactosefrei, glutenfrei, 10 x 10 cm, 25 x 20 g N\u00e4hrwerte: Brennwert: 1.139 kJ (273 kcal) Fett: 17 g davon ges\u00e4ttigte Fetts\u00e4uren: 10 g Kohlenhydrate: &lt; 0,1 g davon Zucker: &lt; 0,1 g Eiwei\u00df: [&hellip;]\" \/>\n<meta property=\"og:url\" content=\"https:\/\/heinrichsthaler.de\/produkt\/elblaender-faecherpack-leicht\/\" \/>\n<meta property=\"og:site_name\" content=\"Heinrichsthaler\" \/>\n<meta property=\"article:modified_time\" content=\"2026-02-16T12:33:04+00:00\" \/>\n<meta property=\"og:image\" content=\"https:\/\/heinrichsthaler.de\/wp-content\/uploads\/2021\/05\/Elblaender_Leicht_Scheiben_500g-2.jpg\" \/>\n\t<meta property=\"og:image:width\" content=\"1200\" \/>\n\t<meta property=\"og:image:height\" content=\"900\" \/>\n\t<meta property=\"og:image:type\" content=\"image\/jpeg\" \/>\n<meta name=\"twitter:card\" content=\"summary_large_image\" \/>\n<script type=\"application\/ld+json\" class=\"yoast-schema-graph\">{\"@context\":\"https:\/\/schema.org\",\"@graph\":[{\"@type\":\"WebPage\",\"@id\":\"https:\/\/heinrichsthaler.de\/produkt\/elblaender-faecherpack-leicht\/\",\"url\":\"https:\/\/heinrichsthaler.de\/produkt\/elblaender-faecherpack-leicht\/\",\"name\":\"Der Leichte - Heinrichsthaler\",\"isPartOf\":{\"@id\":\"https:\/\/heinrichsthaler.de\/en\/#website\"},\"primaryImageOfPage\":{\"@id\":\"https:\/\/heinrichsthaler.de\/produkt\/elblaender-faecherpack-leicht\/#primaryimage\"},\"image\":{\"@id\":\"https:\/\/heinrichsthaler.de\/produkt\/elblaender-faecherpack-leicht\/#primaryimage\"},\"thumbnailUrl\":\"https:\/\/heinrichsthaler.de\/wp-content\/uploads\/2021\/05\/Elblaender_Leicht_Scheiben_500g-2.jpg\",\"datePublished\":\"2017-07-26T11:35:38+00:00\",\"dateModified\":\"2026-02-16T12:33:04+00:00\",\"breadcrumb\":{\"@id\":\"https:\/\/heinrichsthaler.de\/produkt\/elblaender-faecherpack-leicht\/#breadcrumb\"},\"inLanguage\":\"en-US\",\"potentialAction\":[{\"@type\":\"ReadAction\",\"target\":[\"https:\/\/heinrichsthaler.de\/produkt\/elblaender-faecherpack-leicht\/\"]}]},{\"@type\":\"ImageObject\",\"inLanguage\":\"en-US\",\"@id\":\"https:\/\/heinrichsthaler.de\/produkt\/elblaender-faecherpack-leicht\/#primaryimage\",\"url\":\"https:\/\/heinrichsthaler.de\/wp-content\/uploads\/2021\/05\/Elblaender_Leicht_Scheiben_500g-2.jpg\",\"contentUrl\":\"https:\/\/heinrichsthaler.de\/wp-content\/uploads\/2021\/05\/Elblaender_Leicht_Scheiben_500g-2.jpg\",\"width\":1200,\"height\":900,\"caption\":\"Der Leichte\"},{\"@type\":\"BreadcrumbList\",\"@id\":\"https:\/\/heinrichsthaler.de\/produkt\/elblaender-faecherpack-leicht\/#breadcrumb\",\"itemListElement\":[{\"@type\":\"ListItem\",\"position\":1,\"name\":\"Startseite\",\"item\":\"https:\/\/heinrichsthaler.de\/\"},{\"@type\":\"ListItem\",\"position\":2,\"name\":\"Products\",\"item\":\"https:\/\/heinrichsthaler.de\/en\/shop\/\"},{\"@type\":\"ListItem\",\"position\":3,\"name\":\"Der Leichte\"}]},{\"@type\":\"WebSite\",\"@id\":\"https:\/\/heinrichsthaler.de\/en\/#website\",\"url\":\"https:\/\/heinrichsthaler.de\/en\/\",\"name\":\"Heinrichsthaler\",\"description\":\"K\u00f6nigliche K\u00e4sespezialit\u00e4ten\",\"potentialAction\":[{\"@type\":\"SearchAction\",\"target\":{\"@type\":\"EntryPoint\",\"urlTemplate\":\"https:\/\/heinrichsthaler.de\/en\/?s={search_term_string}\"},\"query-input\":{\"@type\":\"PropertyValueSpecification\",\"valueRequired\":true,\"valueName\":\"search_term_string\"}}],\"inLanguage\":\"en-US\"}]}<\/script>\n<!-- \/ Yoast SEO plugin. -->","yoast_head_json":{"title":"Der Leichte - Heinrichsthaler","robots":{"index":"index","follow":"follow","max-snippet":"max-snippet:-1","max-image-preview":"max-image-preview:large","max-video-preview":"max-video-preview:-1"},"canonical":"https:\/\/heinrichsthaler.de\/produkt\/elblaender-faecherpack-leicht\/","og_locale":"en_US","og_type":"article","og_title":"Der Leichte - Heinrichsthaler","og_description":"Elbl\u00e4nder Der Leichte ist mild aromatisch und leicht s\u00fc\u00dflich im Geschmack. Inhalt: 500 g Verpackung: Hartschale 30 % Fett i. Tr., lactosefrei, glutenfrei, 10 x 10 cm, 25 x 20 g N\u00e4hrwerte: Brennwert: 1.139 kJ (273 kcal) Fett: 17 g davon ges\u00e4ttigte Fetts\u00e4uren: 10 g Kohlenhydrate: &lt; 0,1 g davon Zucker: &lt; 0,1 g Eiwei\u00df: [&hellip;]","og_url":"https:\/\/heinrichsthaler.de\/produkt\/elblaender-faecherpack-leicht\/","og_site_name":"Heinrichsthaler","article_modified_time":"2026-02-16T12:33:04+00:00","og_image":[{"width":1200,"height":900,"url":"https:\/\/heinrichsthaler.de\/wp-content\/uploads\/2021\/05\/Elblaender_Leicht_Scheiben_500g-2.jpg","type":"image\/jpeg"}],"twitter_card":"summary_large_image","schema":{"@context":"https:\/\/schema.org","@graph":[{"@type":"WebPage","@id":"https:\/\/heinrichsthaler.de\/produkt\/elblaender-faecherpack-leicht\/","url":"https:\/\/heinrichsthaler.de\/produkt\/elblaender-faecherpack-leicht\/","name":"Der Leichte - Heinrichsthaler","isPartOf":{"@id":"https:\/\/heinrichsthaler.de\/en\/#website"},"primaryImageOfPage":{"@id":"https:\/\/heinrichsthaler.de\/produkt\/elblaender-faecherpack-leicht\/#primaryimage"},"image":{"@id":"https:\/\/heinrichsthaler.de\/produkt\/elblaender-faecherpack-leicht\/#primaryimage"},"thumbnailUrl":"https:\/\/heinrichsthaler.de\/wp-content\/uploads\/2021\/05\/Elblaender_Leicht_Scheiben_500g-2.jpg","datePublished":"2017-07-26T11:35:38+00:00","dateModified":"2026-02-16T12:33:04+00:00","breadcrumb":{"@id":"https:\/\/heinrichsthaler.de\/produkt\/elblaender-faecherpack-leicht\/#breadcrumb"},"inLanguage":"en-US","potentialAction":[{"@type":"ReadAction","target":["https:\/\/heinrichsthaler.de\/produkt\/elblaender-faecherpack-leicht\/"]}]},{"@type":"ImageObject","inLanguage":"en-US","@id":"https:\/\/heinrichsthaler.de\/produkt\/elblaender-faecherpack-leicht\/#primaryimage","url":"https:\/\/heinrichsthaler.de\/wp-content\/uploads\/2021\/05\/Elblaender_Leicht_Scheiben_500g-2.jpg","contentUrl":"https:\/\/heinrichsthaler.de\/wp-content\/uploads\/2021\/05\/Elblaender_Leicht_Scheiben_500g-2.jpg","width":1200,"height":900,"caption":"Der Leichte"},{"@type":"BreadcrumbList","@id":"https:\/\/heinrichsthaler.de\/produkt\/elblaender-faecherpack-leicht\/#breadcrumb","itemListElement":[{"@type":"ListItem","position":1,"name":"Startseite","item":"https:\/\/heinrichsthaler.de\/"},{"@type":"ListItem","position":2,"name":"Products","item":"https:\/\/heinrichsthaler.de\/en\/shop\/"},{"@type":"ListItem","position":3,"name":"Der Leichte"}]},{"@type":"WebSite","@id":"https:\/\/heinrichsthaler.de\/en\/#website","url":"https:\/\/heinrichsthaler.de\/en\/","name":"Heinrichsthaler","description":"K\u00f6nigliche K\u00e4sespezialit\u00e4ten","potentialAction":[{"@type":"SearchAction","target":{"@type":"EntryPoint","urlTemplate":"https:\/\/heinrichsthaler.de\/en\/?s={search_term_string}"},"query-input":{"@type":"PropertyValueSpecification","valueRequired":true,"valueName":"search_term_string"}}],"inLanguage":"en-US"}]}},"_links":{"self":[{"href":"https:\/\/heinrichsthaler.de\/en\/wp-json\/wp\/v2\/product\/2949","targetHints":{"allow":["GET"]}}],"collection":[{"href":"https:\/\/heinrichsthaler.de\/en\/wp-json\/wp\/v2\/product"}],"about":[{"href":"https:\/\/heinrichsthaler.de\/en\/wp-json\/wp\/v2\/types\/product"}],"wp:featuredmedia":[{"embeddable":true,"href":"https:\/\/heinrichsthaler.de\/en\/wp-json\/wp\/v2\/media\/8452"}],"wp:attachment":[{"href":"https:\/\/heinrichsthaler.de\/en\/wp-json\/wp\/v2\/media?parent=2949"}],"wp:term":[{"taxonomy":"product_brand","embeddable":true,"href":"https:\/\/heinrichsthaler.de\/en\/wp-json\/wp\/v2\/product_brand?post=2949"},{"taxonomy":"product_cat","embeddable":true,"href":"https:\/\/heinrichsthaler.de\/en\/wp-json\/wp\/v2\/product_cat?post=2949"},{"taxonomy":"product_tag","embeddable":true,"href":"https:\/\/heinrichsthaler.de\/en\/wp-json\/wp\/v2\/product_tag?post=2949"}],"curies":[{"name":"wp","href":"https:\/\/api.w.org\/{rel}","templated":true}]}}