{"id":2958,"date":"2017-07-26T13:41:46","date_gmt":"2017-07-26T13:41:46","guid":{"rendered":"https:\/\/neu.heinrichsthaler.de\/produkt\/elblaender-brot-natur\/"},"modified":"2026-02-16T07:42:29","modified_gmt":"2026-02-16T07:42:29","slug":"elblaender-brot-natur","status":"publish","type":"product","link":"https:\/\/heinrichsthaler.de\/en\/produkt\/elblaender-brot-natur\/","title":{"rendered":"Natur"},"content":{"rendered":"<p>Elbl\u00e4nder Natur ist mild aromatisch und leicht s\u00fc\u00dflich im Geschmack.<\/p>\n<p>Inhalt: ca. 3 kg<\/p>\n<p>Verpackung: Schrumpffolie<\/p>\n<p>45 % Fett i. Tr., lactosefrei, glutenfrei, 10 x 10 x 30 cm<\/p>\n<p><strong>N\u00e4hrwerte:<\/strong><br \/>\nBrennwert: 1.458 kJ (351 kcal)<br \/>\nFett: 27 g<br \/>\ndavon ges\u00e4ttigte Fetts\u00e4uren: 17 g<br \/>\nKohlenhydrate: &lt; 0,1 g<br \/>\ndavon Zucker: &lt; 0,1 g<br \/>\nEiwei\u00df: 27 g<br \/>\nSalz: 1,2 g<\/p>\n","protected":false},"excerpt":{"rendered":"<p>Elbl\u00e4nder Natur ist mild aromatisch und leicht s\u00fc\u00dflich im Geschmack. Inhalt: ca. 3 kg Verpackung: Schrumpffolie 45 % Fett i. Tr., lactosefrei, glutenfrei, 10 x 10 x 30 cm N\u00e4hrwerte: Brennwert: 1.458 kJ (351 kcal) Fett: 27 g davon ges\u00e4ttigte Fetts\u00e4uren: 17 g Kohlenhydrate: &lt; 0,1 g davon Zucker: &lt; 0,1 g Eiwei\u00df: 27 g [&hellip;]<\/p>\n","protected":false},"featured_media":8460,"template":"","meta":{"_acf_changed":false},"product_brand":[],"product_cat":[545,121],"product_tag":[2444,2459,2443,2460,2097,2458,2213,2465],"class_list":{"0":"post-2958","1":"product","2":"type-product","3":"status-publish","4":"has-post-thumbnail","6":"product_cat-elblaender-brote-grossverbraucher-produkte","7":"product_cat-grossverbraucher-produkte","8":"product_tag-2444","9":"product_tag-brot","10":"product_tag-elblaender","11":"product_tag-grossverbrauch","12":"product_tag-heinrichsthaler","13":"product_tag-mild-aromatisch","14":"product_tag-scheiben","15":"product_tag-schnittkaese","17":"first","18":"instock","19":"shipping-taxable","20":"product-type-simple"},"acf":[],"yoast_head":"<!-- This site is optimized with the Yoast SEO plugin v26.8 - https:\/\/yoast.com\/product\/yoast-seo-wordpress\/ -->\n<title>Natur - Heinrichsthaler<\/title>\n<meta name=\"robots\" content=\"index, follow, max-snippet:-1, max-image-preview:large, max-video-preview:-1\" \/>\n<link rel=\"canonical\" href=\"https:\/\/heinrichsthaler.de\/produkt\/elblaender-brot-natur\/\" \/>\n<meta property=\"og:locale\" content=\"en_US\" \/>\n<meta property=\"og:type\" content=\"article\" \/>\n<meta property=\"og:title\" content=\"Natur - Heinrichsthaler\" \/>\n<meta property=\"og:description\" content=\"Elbl\u00e4nder Natur ist mild aromatisch und leicht s\u00fc\u00dflich im Geschmack. Inhalt: ca. 3 kg Verpackung: Schrumpffolie 45 % Fett i. Tr., lactosefrei, glutenfrei, 10 x 10 x 30 cm N\u00e4hrwerte: Brennwert: 1.458 kJ (351 kcal) Fett: 27 g davon ges\u00e4ttigte Fetts\u00e4uren: 17 g Kohlenhydrate: &lt; 0,1 g davon Zucker: &lt; 0,1 g Eiwei\u00df: 27 g [&hellip;]\" \/>\n<meta property=\"og:url\" content=\"https:\/\/heinrichsthaler.de\/produkt\/elblaender-brot-natur\/\" \/>\n<meta property=\"og:site_name\" content=\"Heinrichsthaler\" \/>\n<meta property=\"article:modified_time\" content=\"2026-02-16T07:42:29+00:00\" \/>\n<meta property=\"og:image\" content=\"https:\/\/heinrichsthaler.de\/wp-content\/uploads\/2021\/05\/Elblaender_Brote_Natur-3.jpg\" \/>\n\t<meta property=\"og:image:width\" content=\"1200\" \/>\n\t<meta property=\"og:image:height\" content=\"900\" \/>\n\t<meta property=\"og:image:type\" content=\"image\/jpeg\" \/>\n<meta name=\"twitter:card\" content=\"summary_large_image\" \/>\n<script type=\"application\/ld+json\" class=\"yoast-schema-graph\">{\"@context\":\"https:\/\/schema.org\",\"@graph\":[{\"@type\":\"WebPage\",\"@id\":\"https:\/\/heinrichsthaler.de\/produkt\/elblaender-brot-natur\/\",\"url\":\"https:\/\/heinrichsthaler.de\/produkt\/elblaender-brot-natur\/\",\"name\":\"Natur - Heinrichsthaler\",\"isPartOf\":{\"@id\":\"https:\/\/heinrichsthaler.de\/en\/#website\"},\"primaryImageOfPage\":{\"@id\":\"https:\/\/heinrichsthaler.de\/produkt\/elblaender-brot-natur\/#primaryimage\"},\"image\":{\"@id\":\"https:\/\/heinrichsthaler.de\/produkt\/elblaender-brot-natur\/#primaryimage\"},\"thumbnailUrl\":\"https:\/\/heinrichsthaler.de\/wp-content\/uploads\/2021\/05\/Elblaender_Brote_Natur-3.jpg\",\"datePublished\":\"2017-07-26T13:41:46+00:00\",\"dateModified\":\"2026-02-16T07:42:29+00:00\",\"breadcrumb\":{\"@id\":\"https:\/\/heinrichsthaler.de\/produkt\/elblaender-brot-natur\/#breadcrumb\"},\"inLanguage\":\"en-US\",\"potentialAction\":[{\"@type\":\"ReadAction\",\"target\":[\"https:\/\/heinrichsthaler.de\/produkt\/elblaender-brot-natur\/\"]}]},{\"@type\":\"ImageObject\",\"inLanguage\":\"en-US\",\"@id\":\"https:\/\/heinrichsthaler.de\/produkt\/elblaender-brot-natur\/#primaryimage\",\"url\":\"https:\/\/heinrichsthaler.de\/wp-content\/uploads\/2021\/05\/Elblaender_Brote_Natur-3.jpg\",\"contentUrl\":\"https:\/\/heinrichsthaler.de\/wp-content\/uploads\/2021\/05\/Elblaender_Brote_Natur-3.jpg\",\"width\":1200,\"height\":900,\"caption\":\"Natur\"},{\"@type\":\"BreadcrumbList\",\"@id\":\"https:\/\/heinrichsthaler.de\/produkt\/elblaender-brot-natur\/#breadcrumb\",\"itemListElement\":[{\"@type\":\"ListItem\",\"position\":1,\"name\":\"Startseite\",\"item\":\"https:\/\/heinrichsthaler.de\/\"},{\"@type\":\"ListItem\",\"position\":2,\"name\":\"Products\",\"item\":\"https:\/\/heinrichsthaler.de\/en\/shop\/\"},{\"@type\":\"ListItem\",\"position\":3,\"name\":\"Natur\"}]},{\"@type\":\"WebSite\",\"@id\":\"https:\/\/heinrichsthaler.de\/en\/#website\",\"url\":\"https:\/\/heinrichsthaler.de\/en\/\",\"name\":\"Heinrichsthaler\",\"description\":\"K\u00f6nigliche K\u00e4sespezialit\u00e4ten\",\"potentialAction\":[{\"@type\":\"SearchAction\",\"target\":{\"@type\":\"EntryPoint\",\"urlTemplate\":\"https:\/\/heinrichsthaler.de\/en\/?s={search_term_string}\"},\"query-input\":{\"@type\":\"PropertyValueSpecification\",\"valueRequired\":true,\"valueName\":\"search_term_string\"}}],\"inLanguage\":\"en-US\"}]}<\/script>\n<!-- \/ Yoast SEO plugin. -->","yoast_head_json":{"title":"Natur - Heinrichsthaler","robots":{"index":"index","follow":"follow","max-snippet":"max-snippet:-1","max-image-preview":"max-image-preview:large","max-video-preview":"max-video-preview:-1"},"canonical":"https:\/\/heinrichsthaler.de\/produkt\/elblaender-brot-natur\/","og_locale":"en_US","og_type":"article","og_title":"Natur - Heinrichsthaler","og_description":"Elbl\u00e4nder Natur ist mild aromatisch und leicht s\u00fc\u00dflich im Geschmack. Inhalt: ca. 3 kg Verpackung: Schrumpffolie 45 % Fett i. Tr., lactosefrei, glutenfrei, 10 x 10 x 30 cm N\u00e4hrwerte: Brennwert: 1.458 kJ (351 kcal) Fett: 27 g davon ges\u00e4ttigte Fetts\u00e4uren: 17 g Kohlenhydrate: &lt; 0,1 g davon Zucker: &lt; 0,1 g Eiwei\u00df: 27 g [&hellip;]","og_url":"https:\/\/heinrichsthaler.de\/produkt\/elblaender-brot-natur\/","og_site_name":"Heinrichsthaler","article_modified_time":"2026-02-16T07:42:29+00:00","og_image":[{"width":1200,"height":900,"url":"https:\/\/heinrichsthaler.de\/wp-content\/uploads\/2021\/05\/Elblaender_Brote_Natur-3.jpg","type":"image\/jpeg"}],"twitter_card":"summary_large_image","schema":{"@context":"https:\/\/schema.org","@graph":[{"@type":"WebPage","@id":"https:\/\/heinrichsthaler.de\/produkt\/elblaender-brot-natur\/","url":"https:\/\/heinrichsthaler.de\/produkt\/elblaender-brot-natur\/","name":"Natur - Heinrichsthaler","isPartOf":{"@id":"https:\/\/heinrichsthaler.de\/en\/#website"},"primaryImageOfPage":{"@id":"https:\/\/heinrichsthaler.de\/produkt\/elblaender-brot-natur\/#primaryimage"},"image":{"@id":"https:\/\/heinrichsthaler.de\/produkt\/elblaender-brot-natur\/#primaryimage"},"thumbnailUrl":"https:\/\/heinrichsthaler.de\/wp-content\/uploads\/2021\/05\/Elblaender_Brote_Natur-3.jpg","datePublished":"2017-07-26T13:41:46+00:00","dateModified":"2026-02-16T07:42:29+00:00","breadcrumb":{"@id":"https:\/\/heinrichsthaler.de\/produkt\/elblaender-brot-natur\/#breadcrumb"},"inLanguage":"en-US","potentialAction":[{"@type":"ReadAction","target":["https:\/\/heinrichsthaler.de\/produkt\/elblaender-brot-natur\/"]}]},{"@type":"ImageObject","inLanguage":"en-US","@id":"https:\/\/heinrichsthaler.de\/produkt\/elblaender-brot-natur\/#primaryimage","url":"https:\/\/heinrichsthaler.de\/wp-content\/uploads\/2021\/05\/Elblaender_Brote_Natur-3.jpg","contentUrl":"https:\/\/heinrichsthaler.de\/wp-content\/uploads\/2021\/05\/Elblaender_Brote_Natur-3.jpg","width":1200,"height":900,"caption":"Natur"},{"@type":"BreadcrumbList","@id":"https:\/\/heinrichsthaler.de\/produkt\/elblaender-brot-natur\/#breadcrumb","itemListElement":[{"@type":"ListItem","position":1,"name":"Startseite","item":"https:\/\/heinrichsthaler.de\/"},{"@type":"ListItem","position":2,"name":"Products","item":"https:\/\/heinrichsthaler.de\/en\/shop\/"},{"@type":"ListItem","position":3,"name":"Natur"}]},{"@type":"WebSite","@id":"https:\/\/heinrichsthaler.de\/en\/#website","url":"https:\/\/heinrichsthaler.de\/en\/","name":"Heinrichsthaler","description":"K\u00f6nigliche K\u00e4sespezialit\u00e4ten","potentialAction":[{"@type":"SearchAction","target":{"@type":"EntryPoint","urlTemplate":"https:\/\/heinrichsthaler.de\/en\/?s={search_term_string}"},"query-input":{"@type":"PropertyValueSpecification","valueRequired":true,"valueName":"search_term_string"}}],"inLanguage":"en-US"}]}},"_links":{"self":[{"href":"https:\/\/heinrichsthaler.de\/en\/wp-json\/wp\/v2\/product\/2958","targetHints":{"allow":["GET"]}}],"collection":[{"href":"https:\/\/heinrichsthaler.de\/en\/wp-json\/wp\/v2\/product"}],"about":[{"href":"https:\/\/heinrichsthaler.de\/en\/wp-json\/wp\/v2\/types\/product"}],"wp:featuredmedia":[{"embeddable":true,"href":"https:\/\/heinrichsthaler.de\/en\/wp-json\/wp\/v2\/media\/8460"}],"wp:attachment":[{"href":"https:\/\/heinrichsthaler.de\/en\/wp-json\/wp\/v2\/media?parent=2958"}],"wp:term":[{"taxonomy":"product_brand","embeddable":true,"href":"https:\/\/heinrichsthaler.de\/en\/wp-json\/wp\/v2\/product_brand?post=2958"},{"taxonomy":"product_cat","embeddable":true,"href":"https:\/\/heinrichsthaler.de\/en\/wp-json\/wp\/v2\/product_cat?post=2958"},{"taxonomy":"product_tag","embeddable":true,"href":"https:\/\/heinrichsthaler.de\/en\/wp-json\/wp\/v2\/product_tag?post=2958"}],"curies":[{"name":"wp","href":"https:\/\/api.w.org\/{rel}","templated":true}]}}