{"id":70,"date":"2015-11-06T08:53:15","date_gmt":"2015-11-06T08:53:15","guid":{"rendered":"https:\/\/neu.heinrichsthaler.de\/produkt\/butterkaese_scheiben\/"},"modified":"2021-10-01T11:44:05","modified_gmt":"2021-10-01T11:44:05","slug":"butterkaese_scheiben","status":"publish","type":"product","link":"https:\/\/heinrichsthaler.de\/en\/produkt\/butterkaese_scheiben\/","title":{"rendered":"Butterk\u00e4se"},"content":{"rendered":"<p>Butterk\u00e4se z\u00e4hlt zur Kategorie der halbfesten Schnittk\u00e4se und ist mild bis fein s\u00e4uerlich im Geschmack. Butterk\u00e4se eignet sich f\u00fcr Aufschnitt als Snack f\u00fcr zwischendurch und nat\u00fcrlich zum \u00dcberbacken. Durch seinen neutralen Geschmack ist der Butterk\u00e4se bei Kindern sehr beliebt und daher auch ideal auf\u00b4s Schulbrot.<\/p>\n","protected":false},"excerpt":{"rendered":"<p>lactosefrei, glutenfrei<\/p>\n<p>Inhalt: 150 g<\/p>\n<p>Verpackung: wieder verschlie\u00dfbare Hartschale<\/p>\n<p>50 % Fett i. Tr.<\/p>\n","protected":false},"featured_media":14130,"template":"","meta":{"_acf_changed":false},"product_brand":[],"product_cat":[760,733],"product_tag":[],"class_list":{"0":"post-70","1":"product","2":"type-product","3":"status-publish","4":"has-post-thumbnail","6":"product_cat-grundsortiment","7":"product_cat-sortiment","9":"first","10":"instock","11":"shipping-taxable","12":"product-type-simple"},"acf":[],"yoast_head":"<!-- This site is optimized with the Yoast SEO plugin v26.8 - https:\/\/yoast.com\/product\/yoast-seo-wordpress\/ -->\n<title>Butterk\u00e4se - Heinrichsthaler<\/title>\n<meta name=\"robots\" content=\"index, follow, max-snippet:-1, max-image-preview:large, max-video-preview:-1\" \/>\n<link rel=\"canonical\" href=\"https:\/\/heinrichsthaler.de\/produkt\/butterkaese_scheiben\/\" \/>\n<meta property=\"og:locale\" content=\"en_US\" \/>\n<meta property=\"og:type\" content=\"article\" \/>\n<meta property=\"og:title\" content=\"Butterk\u00e4se - Heinrichsthaler\" \/>\n<meta property=\"og:description\" content=\"lactosefrei, glutenfrei  Inhalt: 150 g  Verpackung: wieder verschlie\u00dfbare Hartschale  50 % Fett i. Tr.\" \/>\n<meta property=\"og:url\" content=\"https:\/\/heinrichsthaler.de\/produkt\/butterkaese_scheiben\/\" \/>\n<meta property=\"og:site_name\" content=\"Heinrichsthaler\" \/>\n<meta property=\"article:modified_time\" content=\"2021-10-01T11:44:05+00:00\" \/>\n<meta property=\"og:image\" content=\"https:\/\/heinrichsthaler.de\/wp-content\/uploads\/2021\/09\/Heinrichsthaler_Butterkaese_Scheiben-1024x768-1.jpg\" \/>\n\t<meta property=\"og:image:width\" content=\"1024\" \/>\n\t<meta property=\"og:image:height\" content=\"768\" \/>\n\t<meta property=\"og:image:type\" content=\"image\/jpeg\" \/>\n<meta name=\"twitter:card\" content=\"summary_large_image\" \/>\n<meta name=\"twitter:label1\" content=\"Est. reading time\" \/>\n\t<meta name=\"twitter:data1\" content=\"1 minute\" \/>\n<script type=\"application\/ld+json\" class=\"yoast-schema-graph\">{\"@context\":\"https:\/\/schema.org\",\"@graph\":[{\"@type\":\"WebPage\",\"@id\":\"https:\/\/heinrichsthaler.de\/produkt\/butterkaese_scheiben\/\",\"url\":\"https:\/\/heinrichsthaler.de\/produkt\/butterkaese_scheiben\/\",\"name\":\"Butterk\u00e4se - Heinrichsthaler\",\"isPartOf\":{\"@id\":\"https:\/\/heinrichsthaler.de\/en\/#website\"},\"primaryImageOfPage\":{\"@id\":\"https:\/\/heinrichsthaler.de\/produkt\/butterkaese_scheiben\/#primaryimage\"},\"image\":{\"@id\":\"https:\/\/heinrichsthaler.de\/produkt\/butterkaese_scheiben\/#primaryimage\"},\"thumbnailUrl\":\"https:\/\/heinrichsthaler.de\/wp-content\/uploads\/2021\/09\/Heinrichsthaler_Butterkaese_Scheiben-1024x768-1.jpg\",\"datePublished\":\"2015-11-06T08:53:15+00:00\",\"dateModified\":\"2021-10-01T11:44:05+00:00\",\"breadcrumb\":{\"@id\":\"https:\/\/heinrichsthaler.de\/produkt\/butterkaese_scheiben\/#breadcrumb\"},\"inLanguage\":\"en-US\",\"potentialAction\":[{\"@type\":\"ReadAction\",\"target\":[\"https:\/\/heinrichsthaler.de\/produkt\/butterkaese_scheiben\/\"]}]},{\"@type\":\"ImageObject\",\"inLanguage\":\"en-US\",\"@id\":\"https:\/\/heinrichsthaler.de\/produkt\/butterkaese_scheiben\/#primaryimage\",\"url\":\"https:\/\/heinrichsthaler.de\/wp-content\/uploads\/2021\/09\/Heinrichsthaler_Butterkaese_Scheiben-1024x768-1.jpg\",\"contentUrl\":\"https:\/\/heinrichsthaler.de\/wp-content\/uploads\/2021\/09\/Heinrichsthaler_Butterkaese_Scheiben-1024x768-1.jpg\",\"width\":1024,\"height\":768},{\"@type\":\"BreadcrumbList\",\"@id\":\"https:\/\/heinrichsthaler.de\/produkt\/butterkaese_scheiben\/#breadcrumb\",\"itemListElement\":[{\"@type\":\"ListItem\",\"position\":1,\"name\":\"Startseite\",\"item\":\"https:\/\/heinrichsthaler.de\/\"},{\"@type\":\"ListItem\",\"position\":2,\"name\":\"Products\",\"item\":\"https:\/\/heinrichsthaler.de\/en\/shop\/\"},{\"@type\":\"ListItem\",\"position\":3,\"name\":\"Butterk\u00e4se\"}]},{\"@type\":\"WebSite\",\"@id\":\"https:\/\/heinrichsthaler.de\/en\/#website\",\"url\":\"https:\/\/heinrichsthaler.de\/en\/\",\"name\":\"Heinrichsthaler\",\"description\":\"K\u00f6nigliche K\u00e4sespezialit\u00e4ten\",\"potentialAction\":[{\"@type\":\"SearchAction\",\"target\":{\"@type\":\"EntryPoint\",\"urlTemplate\":\"https:\/\/heinrichsthaler.de\/en\/?s={search_term_string}\"},\"query-input\":{\"@type\":\"PropertyValueSpecification\",\"valueRequired\":true,\"valueName\":\"search_term_string\"}}],\"inLanguage\":\"en-US\"}]}<\/script>\n<!-- \/ Yoast SEO plugin. -->","yoast_head_json":{"title":"Butterk\u00e4se - Heinrichsthaler","robots":{"index":"index","follow":"follow","max-snippet":"max-snippet:-1","max-image-preview":"max-image-preview:large","max-video-preview":"max-video-preview:-1"},"canonical":"https:\/\/heinrichsthaler.de\/produkt\/butterkaese_scheiben\/","og_locale":"en_US","og_type":"article","og_title":"Butterk\u00e4se - Heinrichsthaler","og_description":"lactosefrei, glutenfrei  Inhalt: 150 g  Verpackung: wieder verschlie\u00dfbare Hartschale  50 % Fett i. Tr.","og_url":"https:\/\/heinrichsthaler.de\/produkt\/butterkaese_scheiben\/","og_site_name":"Heinrichsthaler","article_modified_time":"2021-10-01T11:44:05+00:00","og_image":[{"width":1024,"height":768,"url":"https:\/\/heinrichsthaler.de\/wp-content\/uploads\/2021\/09\/Heinrichsthaler_Butterkaese_Scheiben-1024x768-1.jpg","type":"image\/jpeg"}],"twitter_card":"summary_large_image","twitter_misc":{"Est. reading time":"1 minute"},"schema":{"@context":"https:\/\/schema.org","@graph":[{"@type":"WebPage","@id":"https:\/\/heinrichsthaler.de\/produkt\/butterkaese_scheiben\/","url":"https:\/\/heinrichsthaler.de\/produkt\/butterkaese_scheiben\/","name":"Butterk\u00e4se - Heinrichsthaler","isPartOf":{"@id":"https:\/\/heinrichsthaler.de\/en\/#website"},"primaryImageOfPage":{"@id":"https:\/\/heinrichsthaler.de\/produkt\/butterkaese_scheiben\/#primaryimage"},"image":{"@id":"https:\/\/heinrichsthaler.de\/produkt\/butterkaese_scheiben\/#primaryimage"},"thumbnailUrl":"https:\/\/heinrichsthaler.de\/wp-content\/uploads\/2021\/09\/Heinrichsthaler_Butterkaese_Scheiben-1024x768-1.jpg","datePublished":"2015-11-06T08:53:15+00:00","dateModified":"2021-10-01T11:44:05+00:00","breadcrumb":{"@id":"https:\/\/heinrichsthaler.de\/produkt\/butterkaese_scheiben\/#breadcrumb"},"inLanguage":"en-US","potentialAction":[{"@type":"ReadAction","target":["https:\/\/heinrichsthaler.de\/produkt\/butterkaese_scheiben\/"]}]},{"@type":"ImageObject","inLanguage":"en-US","@id":"https:\/\/heinrichsthaler.de\/produkt\/butterkaese_scheiben\/#primaryimage","url":"https:\/\/heinrichsthaler.de\/wp-content\/uploads\/2021\/09\/Heinrichsthaler_Butterkaese_Scheiben-1024x768-1.jpg","contentUrl":"https:\/\/heinrichsthaler.de\/wp-content\/uploads\/2021\/09\/Heinrichsthaler_Butterkaese_Scheiben-1024x768-1.jpg","width":1024,"height":768},{"@type":"BreadcrumbList","@id":"https:\/\/heinrichsthaler.de\/produkt\/butterkaese_scheiben\/#breadcrumb","itemListElement":[{"@type":"ListItem","position":1,"name":"Startseite","item":"https:\/\/heinrichsthaler.de\/"},{"@type":"ListItem","position":2,"name":"Products","item":"https:\/\/heinrichsthaler.de\/en\/shop\/"},{"@type":"ListItem","position":3,"name":"Butterk\u00e4se"}]},{"@type":"WebSite","@id":"https:\/\/heinrichsthaler.de\/en\/#website","url":"https:\/\/heinrichsthaler.de\/en\/","name":"Heinrichsthaler","description":"K\u00f6nigliche K\u00e4sespezialit\u00e4ten","potentialAction":[{"@type":"SearchAction","target":{"@type":"EntryPoint","urlTemplate":"https:\/\/heinrichsthaler.de\/en\/?s={search_term_string}"},"query-input":{"@type":"PropertyValueSpecification","valueRequired":true,"valueName":"search_term_string"}}],"inLanguage":"en-US"}]}},"_links":{"self":[{"href":"https:\/\/heinrichsthaler.de\/en\/wp-json\/wp\/v2\/product\/70","targetHints":{"allow":["GET"]}}],"collection":[{"href":"https:\/\/heinrichsthaler.de\/en\/wp-json\/wp\/v2\/product"}],"about":[{"href":"https:\/\/heinrichsthaler.de\/en\/wp-json\/wp\/v2\/types\/product"}],"wp:featuredmedia":[{"embeddable":true,"href":"https:\/\/heinrichsthaler.de\/en\/wp-json\/wp\/v2\/media\/14130"}],"wp:attachment":[{"href":"https:\/\/heinrichsthaler.de\/en\/wp-json\/wp\/v2\/media?parent=70"}],"wp:term":[{"taxonomy":"product_brand","embeddable":true,"href":"https:\/\/heinrichsthaler.de\/en\/wp-json\/wp\/v2\/product_brand?post=70"},{"taxonomy":"product_cat","embeddable":true,"href":"https:\/\/heinrichsthaler.de\/en\/wp-json\/wp\/v2\/product_cat?post=70"},{"taxonomy":"product_tag","embeddable":true,"href":"https:\/\/heinrichsthaler.de\/en\/wp-json\/wp\/v2\/product_tag?post=70"}],"curies":[{"name":"wp","href":"https:\/\/api.w.org\/{rel}","templated":true}]}}