{"id":7873,"date":"2020-10-26T09:46:40","date_gmt":"2020-10-26T09:46:40","guid":{"rendered":"https:\/\/neu.heinrichsthaler.de\/produkt\/edamer-wuerfel-5kg\/"},"modified":"2020-10-26T09:46:40","modified_gmt":"2020-10-26T09:46:40","slug":"edamer-wuerfel-5kg","status":"publish","type":"product","link":"https:\/\/heinrichsthaler.de\/en\/produkt\/edamer-wuerfel-5kg\/","title":{"rendered":"Edamer W\u00fcrfel"},"content":{"rendered":"<p>Inhalt: 5000 g<\/p>\n<p>Verpackung: Folienbeutel<\/p>\n<p>40 % Fett i. Tr., Kantenl\u00e4nge: 10 mm<\/p>\n<p><strong>N\u00e4hrwerte:<\/strong><br \/>\nBrennwert: 1.282 kJ (308 kcal)<br \/>\nFett: 22 g<br \/>\ndavon ges\u00e4ttigte Fetts\u00e4uren: 14 g<br \/>\nKohlenhydrate: &lt; 0,5 g<br \/>\ndavon Zucker: &lt; 0,5 g<br \/>\nEiwei\u00df: 27 g<br \/>\nSalz: 1,8 g<\/p>\n<p>&nbsp;<\/p>\n","protected":false},"excerpt":{"rendered":"<p>Inhalt: 5000 g Verpackung: Folienbeutel 40 % Fett i. Tr., Kantenl\u00e4nge: 10 mm N\u00e4hrwerte: Brennwert: 1.282 kJ (308 kcal) Fett: 22 g davon ges\u00e4ttigte Fetts\u00e4uren: 14 g Kohlenhydrate: &lt; 0,5 g davon Zucker: &lt; 0,5 g Eiwei\u00df: 27 g Salz: 1,8 g &nbsp;<\/p>\n","protected":false},"featured_media":8503,"template":"","meta":{"_acf_changed":false},"product_brand":[],"product_cat":[121,543],"product_tag":[],"class_list":{"0":"post-7873","1":"product","2":"type-product","3":"status-publish","4":"has-post-thumbnail","6":"product_cat-grossverbraucher-produkte","7":"product_cat-kaesewuerfel-grossverbraucher-produkte","9":"first","10":"instock","11":"shipping-taxable","12":"product-type-simple"},"acf":[],"yoast_head":"<!-- This site is optimized with the Yoast SEO plugin v26.8 - https:\/\/yoast.com\/product\/yoast-seo-wordpress\/ -->\n<title>Edamer W\u00fcrfel - Heinrichsthaler<\/title>\n<meta name=\"robots\" content=\"index, follow, max-snippet:-1, max-image-preview:large, max-video-preview:-1\" \/>\n<link rel=\"canonical\" href=\"https:\/\/heinrichsthaler.de\/produkt\/edamer-wuerfel-5kg\/\" \/>\n<meta property=\"og:locale\" content=\"en_US\" \/>\n<meta property=\"og:type\" content=\"article\" \/>\n<meta property=\"og:title\" content=\"Edamer W\u00fcrfel - Heinrichsthaler\" \/>\n<meta property=\"og:description\" content=\"Inhalt: 5000 g Verpackung: Folienbeutel 40 % Fett i. Tr., Kantenl\u00e4nge: 10 mm N\u00e4hrwerte: Brennwert: 1.282 kJ (308 kcal) Fett: 22 g davon ges\u00e4ttigte Fetts\u00e4uren: 14 g Kohlenhydrate: &lt; 0,5 g davon Zucker: &lt; 0,5 g Eiwei\u00df: 27 g Salz: 1,8 g &nbsp;\" \/>\n<meta property=\"og:url\" content=\"https:\/\/heinrichsthaler.de\/produkt\/edamer-wuerfel-5kg\/\" \/>\n<meta property=\"og:site_name\" content=\"Heinrichsthaler\" \/>\n<meta property=\"og:image\" content=\"https:\/\/heinrichsthaler.de\/wp-content\/uploads\/2021\/05\/heinrichsthaler_gv-kaesewuerfel-edamer-5kg.jpg\" \/>\n\t<meta property=\"og:image:width\" content=\"1200\" \/>\n\t<meta property=\"og:image:height\" content=\"900\" \/>\n\t<meta property=\"og:image:type\" content=\"image\/jpeg\" \/>\n<meta name=\"twitter:card\" content=\"summary_large_image\" \/>\n<script type=\"application\/ld+json\" class=\"yoast-schema-graph\">{\"@context\":\"https:\/\/schema.org\",\"@graph\":[{\"@type\":\"WebPage\",\"@id\":\"https:\/\/heinrichsthaler.de\/produkt\/edamer-wuerfel-5kg\/\",\"url\":\"https:\/\/heinrichsthaler.de\/produkt\/edamer-wuerfel-5kg\/\",\"name\":\"Edamer W\u00fcrfel - Heinrichsthaler\",\"isPartOf\":{\"@id\":\"https:\/\/heinrichsthaler.de\/en\/#website\"},\"primaryImageOfPage\":{\"@id\":\"https:\/\/heinrichsthaler.de\/produkt\/edamer-wuerfel-5kg\/#primaryimage\"},\"image\":{\"@id\":\"https:\/\/heinrichsthaler.de\/produkt\/edamer-wuerfel-5kg\/#primaryimage\"},\"thumbnailUrl\":\"https:\/\/heinrichsthaler.de\/wp-content\/uploads\/2021\/05\/heinrichsthaler_gv-kaesewuerfel-edamer-5kg.jpg\",\"datePublished\":\"2020-10-26T09:46:40+00:00\",\"breadcrumb\":{\"@id\":\"https:\/\/heinrichsthaler.de\/produkt\/edamer-wuerfel-5kg\/#breadcrumb\"},\"inLanguage\":\"en-US\",\"potentialAction\":[{\"@type\":\"ReadAction\",\"target\":[\"https:\/\/heinrichsthaler.de\/produkt\/edamer-wuerfel-5kg\/\"]}]},{\"@type\":\"ImageObject\",\"inLanguage\":\"en-US\",\"@id\":\"https:\/\/heinrichsthaler.de\/produkt\/edamer-wuerfel-5kg\/#primaryimage\",\"url\":\"https:\/\/heinrichsthaler.de\/wp-content\/uploads\/2021\/05\/heinrichsthaler_gv-kaesewuerfel-edamer-5kg.jpg\",\"contentUrl\":\"https:\/\/heinrichsthaler.de\/wp-content\/uploads\/2021\/05\/heinrichsthaler_gv-kaesewuerfel-edamer-5kg.jpg\",\"width\":1200,\"height\":900,\"caption\":\"Edamer W\u00fcrfel\"},{\"@type\":\"BreadcrumbList\",\"@id\":\"https:\/\/heinrichsthaler.de\/produkt\/edamer-wuerfel-5kg\/#breadcrumb\",\"itemListElement\":[{\"@type\":\"ListItem\",\"position\":1,\"name\":\"Startseite\",\"item\":\"https:\/\/heinrichsthaler.de\/\"},{\"@type\":\"ListItem\",\"position\":2,\"name\":\"Products\",\"item\":\"https:\/\/heinrichsthaler.de\/en\/shop\/\"},{\"@type\":\"ListItem\",\"position\":3,\"name\":\"Edamer W\u00fcrfel\"}]},{\"@type\":\"WebSite\",\"@id\":\"https:\/\/heinrichsthaler.de\/en\/#website\",\"url\":\"https:\/\/heinrichsthaler.de\/en\/\",\"name\":\"Heinrichsthaler\",\"description\":\"K\u00f6nigliche K\u00e4sespezialit\u00e4ten\",\"potentialAction\":[{\"@type\":\"SearchAction\",\"target\":{\"@type\":\"EntryPoint\",\"urlTemplate\":\"https:\/\/heinrichsthaler.de\/en\/?s={search_term_string}\"},\"query-input\":{\"@type\":\"PropertyValueSpecification\",\"valueRequired\":true,\"valueName\":\"search_term_string\"}}],\"inLanguage\":\"en-US\"}]}<\/script>\n<!-- \/ Yoast SEO plugin. -->","yoast_head_json":{"title":"Edamer W\u00fcrfel - Heinrichsthaler","robots":{"index":"index","follow":"follow","max-snippet":"max-snippet:-1","max-image-preview":"max-image-preview:large","max-video-preview":"max-video-preview:-1"},"canonical":"https:\/\/heinrichsthaler.de\/produkt\/edamer-wuerfel-5kg\/","og_locale":"en_US","og_type":"article","og_title":"Edamer W\u00fcrfel - Heinrichsthaler","og_description":"Inhalt: 5000 g Verpackung: Folienbeutel 40 % Fett i. Tr., Kantenl\u00e4nge: 10 mm N\u00e4hrwerte: Brennwert: 1.282 kJ (308 kcal) Fett: 22 g davon ges\u00e4ttigte Fetts\u00e4uren: 14 g Kohlenhydrate: &lt; 0,5 g davon Zucker: &lt; 0,5 g Eiwei\u00df: 27 g Salz: 1,8 g &nbsp;","og_url":"https:\/\/heinrichsthaler.de\/produkt\/edamer-wuerfel-5kg\/","og_site_name":"Heinrichsthaler","og_image":[{"width":1200,"height":900,"url":"https:\/\/heinrichsthaler.de\/wp-content\/uploads\/2021\/05\/heinrichsthaler_gv-kaesewuerfel-edamer-5kg.jpg","type":"image\/jpeg"}],"twitter_card":"summary_large_image","schema":{"@context":"https:\/\/schema.org","@graph":[{"@type":"WebPage","@id":"https:\/\/heinrichsthaler.de\/produkt\/edamer-wuerfel-5kg\/","url":"https:\/\/heinrichsthaler.de\/produkt\/edamer-wuerfel-5kg\/","name":"Edamer W\u00fcrfel - Heinrichsthaler","isPartOf":{"@id":"https:\/\/heinrichsthaler.de\/en\/#website"},"primaryImageOfPage":{"@id":"https:\/\/heinrichsthaler.de\/produkt\/edamer-wuerfel-5kg\/#primaryimage"},"image":{"@id":"https:\/\/heinrichsthaler.de\/produkt\/edamer-wuerfel-5kg\/#primaryimage"},"thumbnailUrl":"https:\/\/heinrichsthaler.de\/wp-content\/uploads\/2021\/05\/heinrichsthaler_gv-kaesewuerfel-edamer-5kg.jpg","datePublished":"2020-10-26T09:46:40+00:00","breadcrumb":{"@id":"https:\/\/heinrichsthaler.de\/produkt\/edamer-wuerfel-5kg\/#breadcrumb"},"inLanguage":"en-US","potentialAction":[{"@type":"ReadAction","target":["https:\/\/heinrichsthaler.de\/produkt\/edamer-wuerfel-5kg\/"]}]},{"@type":"ImageObject","inLanguage":"en-US","@id":"https:\/\/heinrichsthaler.de\/produkt\/edamer-wuerfel-5kg\/#primaryimage","url":"https:\/\/heinrichsthaler.de\/wp-content\/uploads\/2021\/05\/heinrichsthaler_gv-kaesewuerfel-edamer-5kg.jpg","contentUrl":"https:\/\/heinrichsthaler.de\/wp-content\/uploads\/2021\/05\/heinrichsthaler_gv-kaesewuerfel-edamer-5kg.jpg","width":1200,"height":900,"caption":"Edamer W\u00fcrfel"},{"@type":"BreadcrumbList","@id":"https:\/\/heinrichsthaler.de\/produkt\/edamer-wuerfel-5kg\/#breadcrumb","itemListElement":[{"@type":"ListItem","position":1,"name":"Startseite","item":"https:\/\/heinrichsthaler.de\/"},{"@type":"ListItem","position":2,"name":"Products","item":"https:\/\/heinrichsthaler.de\/en\/shop\/"},{"@type":"ListItem","position":3,"name":"Edamer W\u00fcrfel"}]},{"@type":"WebSite","@id":"https:\/\/heinrichsthaler.de\/en\/#website","url":"https:\/\/heinrichsthaler.de\/en\/","name":"Heinrichsthaler","description":"K\u00f6nigliche K\u00e4sespezialit\u00e4ten","potentialAction":[{"@type":"SearchAction","target":{"@type":"EntryPoint","urlTemplate":"https:\/\/heinrichsthaler.de\/en\/?s={search_term_string}"},"query-input":{"@type":"PropertyValueSpecification","valueRequired":true,"valueName":"search_term_string"}}],"inLanguage":"en-US"}]}},"_links":{"self":[{"href":"https:\/\/heinrichsthaler.de\/en\/wp-json\/wp\/v2\/product\/7873","targetHints":{"allow":["GET"]}}],"collection":[{"href":"https:\/\/heinrichsthaler.de\/en\/wp-json\/wp\/v2\/product"}],"about":[{"href":"https:\/\/heinrichsthaler.de\/en\/wp-json\/wp\/v2\/types\/product"}],"wp:featuredmedia":[{"embeddable":true,"href":"https:\/\/heinrichsthaler.de\/en\/wp-json\/wp\/v2\/media\/8503"}],"wp:attachment":[{"href":"https:\/\/heinrichsthaler.de\/en\/wp-json\/wp\/v2\/media?parent=7873"}],"wp:term":[{"taxonomy":"product_brand","embeddable":true,"href":"https:\/\/heinrichsthaler.de\/en\/wp-json\/wp\/v2\/product_brand?post=7873"},{"taxonomy":"product_cat","embeddable":true,"href":"https:\/\/heinrichsthaler.de\/en\/wp-json\/wp\/v2\/product_cat?post=7873"},{"taxonomy":"product_tag","embeddable":true,"href":"https:\/\/heinrichsthaler.de\/en\/wp-json\/wp\/v2\/product_tag?post=7873"}],"curies":[{"name":"wp","href":"https:\/\/api.w.org\/{rel}","templated":true}]}}